{"id":258,"date":"2016-10-26T11:15:10","date_gmt":"2016-10-26T08:15:10","guid":{"rendered":"http:\/\/www.fysioterapiaforte.fi\/cms\/?page_id=258"},"modified":"2020-09-27T11:12:43","modified_gmt":"2020-09-27T08:12:43","slug":"tyohyvinvointipaketit","status":"publish","type":"page","link":"http:\/\/www.fysioterapiaforte.fi\/cms\/palvelut-tuotteet\/yrityksille-ja-ryhmille\/tyohyvinvointipaketit\/","title":{"rendered":"Ty\u00f6hyvinvointipaketit"},"content":{"rendered":"<p><strong>1. Kokonaisvaltainen hyvinvointipaketti DE LUX<\/strong><br \/>\nHinta 390 \u20ac \/ hl\u00f6 (norm. 550 \u20ac), osallistujam\u00e4\u00e4r\u00e4 v\u00e4h. 10 hl\u00f6<\/p>\n<p>Sis\u00e4lt\u00f6:<\/p>\n<p><strong>Hyvinvointiluento<\/strong><br \/>\nLuennolla k\u00e4sitell\u00e4\u00e4n kokonaisvaltaiseen hyvinvointiin liittyvi\u00e4 tekij\u00f6it\u00e4. K\u00e4yd\u00e4\u00e4n l\u00e4pi mm. ruokavalion, unen ja palautumisen, liikunnan sek\u00e4 ty\u00f6n ja ergonomian merkityst\u00e4. Kesto 1-2h.<\/p>\n<p><strong>Kuntotestaus<\/strong><br \/>\nKest\u00e4vyyskunto mitataan polkupy\u00f6r\u00e4ergometrin tai 2 km k\u00e4velytestin avulla. Lis\u00e4ksi lihaskuntotesti, jolla saadaan kokonaisvaltainen tulos kehon toimintakyvyst\u00e4 ja voimatasoista.<\/p>\n<p><strong>Kuntosaliohjelma ja salikortti 12 kk<\/strong><br \/>\nSalikortti 12 kk:si Forten kuntosalille Teuvalle. Lis\u00e4ksi yksi ryhm\u00e4ohjaus, jossa k\u00e4yd\u00e4\u00e4n laitteet l\u00e4pi sek\u00e4 yksi yksil\u00f6ohjaus, jonka pohjalta tehd\u00e4\u00e4n jokaiselle oma yksil\u00f6llinen kuntosaliohjelma.<\/p>\n<hr \/>\n<p><strong>2. Kokonaisvaltainen hyvinvointipaketti<br \/>\n<\/strong>Hinta 295 \u20ac \/ hl\u00f6 (norm. 450 \u20ac), osallistujam\u00e4\u00e4r\u00e4 v\u00e4h. 10 hl\u00f6<\/p>\n<p>Sis\u00e4lt\u00f6 (ks. tarkempi kuvaus ylt\u00e4):<br \/>\nHyvinvointiluento<br \/>\nKuntosaliohjelma ja salikortti 12 kk:ksi<strong><br \/>\n<\/strong><\/p>\n<hr \/>\n<p><strong>3. Hyvinvointia kuntoillen<\/strong><br \/>\nHinta 210 \u20ac \/ hl\u00f6 (norm. 300 \u20ac), osallistujam\u00e4\u00e4r\u00e4 v\u00e4h. 10 hl\u00f6<\/p>\n<p>Sis\u00e4lt\u00f6\u00a0(ks. tarkempi kuvaus ylt\u00e4):<br \/>\nKuntosaliohjelma ja salikortti 12 kk:ksi<\/p>\n<hr \/>\n<p><strong>4. Ohjattu ryhm\u00e4liikunta<\/strong><br \/>\nHinta 120 \u20ac \/ kerta. Kysy tarjous useamman ohjauskerran kokonaisuudesta.<\/p>\n<p>Ohjattu ryhm\u00e4liikuntatunti asiakkaan omissa tiloissa tai sopimuksen mukaan muussa tilassa (mahdollinen tilavuokra lis\u00e4t\u00e4\u00e4n hintaan). Lajeina esimerkiksi kahvakuula, pilates (max 10 hl\u00f6), crosstraining, kehonpainoharjoittelu tai n\u00e4iden yhdistelm\u00e4.<\/p>\n<hr \/>\n<p><strong>5. Hyvinvointiluento<\/strong><br \/>\nHinta 250 \u20ac<\/p>\n<p>Luennolla k\u00e4sitell\u00e4\u00e4n kokonaisvaltaiseen hyvinvointiin liittyvi\u00e4 tekij\u00f6it\u00e4. K\u00e4yd\u00e4\u00e4n l\u00e4pi mm. ruokavalion, unen ja palautumisen, liikunnan sek\u00e4 ty\u00f6n ja ergonomian merkityst\u00e4. Kesto 1h.<\/p>\n<hr \/>\n<p><strong>6. Kuntotestaus<\/strong><br \/>\nHinta 99 \u20ac \/ hl\u00f6<\/p>\n<p>Kest\u00e4vyyskunto mitataan polkupy\u00f6r\u00e4ergometrin tai kahdn kilometrin k\u00e4velytestin avulla. Lis\u00e4ksi lihaskuntotesti.<\/p>\n<hr \/>\n<p><strong>7. InBody Kehonkoostumusmittaus<\/strong><br \/>\nHinta 15 \u20ac \/ hl\u00f6 (norm. 25 \u20ac), osallistujam\u00e4\u00e4r\u00e4 v\u00e4h. 10 hl\u00f6<\/p>\n<p>Sis\u00e4lt\u00e4\u00e4 mittauksen sek\u00e4 yhteisen palautteen asiakkaan omissa tiloissa. Mittaus antaa tietoa kehon kokonaisvaltaisesta tilanteesta sis\u00e4lt\u00e4en muun muassa lepoaineenvaihdunnan, lihasmassan, mineraalimassan, nestetasapainon ja rasvamassan osuudet suhteessa toisiinsa.<\/p>\n<hr \/>\n<p><strong>8. Virtaa salikorttiin<\/strong><br \/>\nVirtaa kuntosalikorttiin hinnaston mukaisesti. Yli 10 henkil\u00f6n ryhmille alennus -10 %.<\/p>\n<p>Hinnasto:<br \/>\nKertalippu 5 \u20ac<br \/>\n10 kerran kortti 45 \u20ac<br \/>\nKuukausikortti 3 kk 90 \u20ac<br \/>\nVuosikortti 250 \u20ac<\/p>\n<hr \/>\n<p><em>Tarjoukset ovat voimassa toistaiseksi.<\/em><\/p>\n<p>Mik\u00e4li n\u00e4ist\u00e4 paketeista ei l\u00f6ydy yrityksellesi sopivaa kokonaisuutta,\u00a0<a href=\"http:\/\/www.fysioterapiaforte.fi\/cms\/yhteystiedot\/\">ota yhteytt\u00e4<\/a>, niin r\u00e4\u00e4t\u00e4l\u00f6imme juuri Teille sopivan paketin!<\/p>\n","protected":false},"excerpt":{"rendered":"<p>1. Kokonaisvaltainen hyvinvointipaketti DE LUX Hinta 390 \u20ac \/ hl\u00f6 (norm. 550 \u20ac), osallistujam\u00e4\u00e4r\u00e4 v\u00e4h. 10 hl\u00f6 Sis\u00e4lt\u00f6: Hyvinvointiluento Luennolla k\u00e4sitell\u00e4\u00e4n kokonaisvaltaiseen hyvinvointiin liittyvi\u00e4 tekij\u00f6it\u00e4. K\u00e4yd\u00e4\u00e4n l\u00e4pi mm. ruokavalion, unen ja palautumisen, liikunnan sek\u00e4 ty\u00f6n ja ergonomian merkityst\u00e4. Kesto 1-2h. Kuntotestaus Kest\u00e4vyyskunto mitataan polkupy\u00f6r\u00e4ergometrin tai 2 km k\u00e4velytestin avulla. Lis\u00e4ksi lihaskuntotesti, jolla saadaan kokonaisvaltainen tulos [&hellip;]<\/p>\n","protected":false},"author":1,"featured_media":0,"parent":51,"menu_order":0,"comment_status":"closed","ping_status":"closed","template":"","meta":{"site-sidebar-layout":"default","site-content-layout":"","ast-site-content-layout":"default","site-content-style":"default","site-sidebar-style":"default","ast-global-header-display":"","ast-banner-title-visibility":"","ast-main-header-display":"","ast-hfb-above-header-display":"","ast-hfb-below-header-display":"","ast-hfb-mobile-header-display":"","site-post-title":"","ast-breadcrumbs-content":"","ast-featured-img":"","footer-sml-layout":"","theme-transparent-header-meta":"","adv-header-id-meta":"","stick-header-meta":"","header-above-stick-meta":"","header-main-stick-meta":"","header-below-stick-meta":"","astra-migrate-meta-layouts":"default","ast-page-background-enabled":"default","ast-page-background-meta":{"desktop":{"background-color":"var(--ast-global-color-4)","background-image":"","background-repeat":"repeat","background-position":"center center","background-size":"auto","background-attachment":"scroll","background-type":"","background-media":"","overlay-type":"","overlay-color":"","overlay-opacity":"","overlay-gradient":""},"tablet":{"background-color":"","background-image":"","background-repeat":"repeat","background-position":"center center","background-size":"auto","background-attachment":"scroll","background-type":"","background-media":"","overlay-type":"","overlay-color":"","overlay-opacity":"","overlay-gradient":""},"mobile":{"background-color":"","background-image":"","background-repeat":"repeat","background-position":"center center","background-size":"auto","background-attachment":"scroll","background-type":"","background-media":"","overlay-type":"","overlay-color":"","overlay-opacity":"","overlay-gradient":""}},"ast-content-background-meta":{"desktop":{"background-color":"var(--ast-global-color-5)","background-image":"","background-repeat":"repeat","background-position":"center center","background-size":"auto","background-attachment":"scroll","background-type":"","background-media":"","overlay-type":"","overlay-color":"","overlay-opacity":"","overlay-gradient":""},"tablet":{"background-color":"var(--ast-global-color-5)","background-image":"","background-repeat":"repeat","background-position":"center center","background-size":"auto","background-attachment":"scroll","background-type":"","background-media":"","overlay-type":"","overlay-color":"","overlay-opacity":"","overlay-gradient":""},"mobile":{"background-color":"var(--ast-global-color-5)","background-image":"","background-repeat":"repeat","background-position":"center center","background-size":"auto","background-attachment":"scroll","background-type":"","background-media":"","overlay-type":"","overlay-color":"","overlay-opacity":"","overlay-gradient":""}}},"_links":{"self":[{"href":"http:\/\/www.fysioterapiaforte.fi\/cms\/wp-json\/wp\/v2\/pages\/258"}],"collection":[{"href":"http:\/\/www.fysioterapiaforte.fi\/cms\/wp-json\/wp\/v2\/pages"}],"about":[{"href":"http:\/\/www.fysioterapiaforte.fi\/cms\/wp-json\/wp\/v2\/types\/page"}],"author":[{"embeddable":true,"href":"http:\/\/www.fysioterapiaforte.fi\/cms\/wp-json\/wp\/v2\/users\/1"}],"replies":[{"embeddable":true,"href":"http:\/\/www.fysioterapiaforte.fi\/cms\/wp-json\/wp\/v2\/comments?post=258"}],"version-history":[{"count":0,"href":"http:\/\/www.fysioterapiaforte.fi\/cms\/wp-json\/wp\/v2\/pages\/258\/revisions"}],"up":[{"embeddable":true,"href":"http:\/\/www.fysioterapiaforte.fi\/cms\/wp-json\/wp\/v2\/pages\/51"}],"wp:attachment":[{"href":"http:\/\/www.fysioterapiaforte.fi\/cms\/wp-json\/wp\/v2\/media?parent=258"}],"curies":[{"name":"wp","href":"https:\/\/api.w.org\/{rel}","templated":true}]}}