{"id":43,"date":"2016-05-11T14:48:20","date_gmt":"2016-05-11T11:48:20","guid":{"rendered":"http:\/\/www.fysioterapiaforte.fi\/cms\/?page_id=43"},"modified":"2024-02-01T15:14:45","modified_gmt":"2024-02-01T13:14:45","slug":"fysioterapia","status":"publish","type":"page","link":"http:\/\/www.fysioterapiaforte.fi\/cms\/palvelut-tuotteet\/fysioterapia\/","title":{"rendered":"Fysioterapia ja kuntoutus"},"content":{"rendered":"<p><img decoding=\"async\" loading=\"lazy\" class=\"size-thumbnail wp-image-144 alignleft\" src=\"http:\/\/www.fysioterapiaforte.fi\/cms\/wp-content\/uploads\/2016\/05\/Tilanne_teippaus_taustaton_nelio-150x150.jpg\" alt=\"Tilanne_teippaus_taustaton_nelio\" width=\"150\" height=\"150\" srcset=\"http:\/\/www.fysioterapiaforte.fi\/cms\/wp-content\/uploads\/2016\/05\/Tilanne_teippaus_taustaton_nelio-150x150.jpg 150w, http:\/\/www.fysioterapiaforte.fi\/cms\/wp-content\/uploads\/2016\/05\/Tilanne_teippaus_taustaton_nelio-300x300.jpg 300w, http:\/\/www.fysioterapiaforte.fi\/cms\/wp-content\/uploads\/2016\/05\/Tilanne_teippaus_taustaton_nelio-768x768.jpg 768w, http:\/\/www.fysioterapiaforte.fi\/cms\/wp-content\/uploads\/2016\/05\/Tilanne_teippaus_taustaton_nelio-1024x1024.jpg 1024w, http:\/\/www.fysioterapiaforte.fi\/cms\/wp-content\/uploads\/2016\/05\/Tilanne_teippaus_taustaton_nelio.jpg 1600w\" sizes=\"(max-width: 150px) 100vw, 150px\" \/>Forten fysioterapiaan voi tulla joko l\u00e4\u00e4k\u00e4rin l\u00e4hetteell\u00e4 tai ilman l\u00e4hetett\u00e4.<\/p>\n<p>Akuutti suoravastaanotto toimii Kauhajoella. Suoravastaanotolle voi tulla tietyin kriteerein ilman l\u00e4\u00e4k\u00e4rik\u00e4ynti\u00e4, mik\u00e4li akuutti kiputila iskee. Ajan voi varata vaikka samana p\u00e4iv\u00e4n\u00e4.<\/p>\n<p>Fysioterapiasta saa monipuolista apua tuki- ja liikuntaelinten vaivoihin. Fysioterapiaan tullaan esimerkiksi leikkauksen tai tapaturman j\u00e4lkeen.<\/p>\n<p>Forten fysioterapeutit tekev\u00e4t lis\u00e4ksi <a href=\"https:\/\/www.fysioterapiaforte.fi\/cms\/kelan-kuntoutus\/\"><strong>Kelan tukemaa vaativaa l\u00e4\u00e4kinn\u00e4llist\u00e4 kuntoutusta<\/strong><\/a>, neurologista kuntoutusta, kipufysioterapiaa sek\u00e4 allasterapiaa. Palveluihin kuuluu my\u00f6s nikamak\u00e4sittelyt ja nivelmobilisointi, hieronta sek\u00e4 Bemer- ja impulssipumppuhoidot.<\/p>\n<p>Forten henkil\u00f6st\u00f6ll\u00e4 on laaja koulutuspohja ja monipuolinen osaaminen. Kaikki ty\u00f6ntekij\u00e4t osallistuvat s\u00e4\u00e4nn\u00f6llisesti erilaisille kursseille ja koulutuksiin, joiden kautta henkil\u00f6st\u00f6 syvent\u00e4\u00e4 olemassa olevaa osaamistaan sek\u00e4 hankkii uutta tietoa.<\/p>\n<p>Fysioterapian alkaessa k\u00e4yd\u00e4\u00e4n l\u00e4pi esitiedot sek\u00e4 alkuhaastattelu, jonka j\u00e4lkeen fysioterapeutti tutkii asiakkaan. T\u00e4m\u00e4n pohjalta fysioterapeutti suunnittelee tarvittavat hoitotoimenpiteet ja asettaa yhdess\u00e4 asiakkaan kanssa hoidolle tavoitteen. Fysioterapia toteutetaan suunnitelman mukaan ja tarpeen tullen suunnitelmaa p\u00e4ivitet\u00e4\u00e4n. Lopuksi tehd\u00e4\u00e4n mahdolliset lopputestaukset, jotta n\u00e4hd\u00e4\u00e4n saavutettiinko tavoitteet ja miten fysioterapia on auttanut alkuper\u00e4iseen vaivaan.<\/p>\n<p><strong><a href=\"http:\/\/www.fysioterapiaforte.fi\/cms\/palvelut-tuotteet\/hinnasto\/\" target=\"_blank\" rel=\"noopener\">HINNASTO<\/a><\/strong><\/p>\n","protected":false},"excerpt":{"rendered":"<p>Forten fysioterapiaan voi tulla joko l\u00e4\u00e4k\u00e4rin l\u00e4hetteell\u00e4 tai ilman l\u00e4hetett\u00e4. Akuutti suoravastaanotto toimii Kauhajoella. Suoravastaanotolle voi tulla tietyin kriteerein ilman l\u00e4\u00e4k\u00e4rik\u00e4ynti\u00e4, mik\u00e4li akuutti kiputila iskee. Ajan voi varata vaikka samana p\u00e4iv\u00e4n\u00e4. Fysioterapiasta saa monipuolista apua tuki- ja liikuntaelinten vaivoihin. Fysioterapiaan tullaan esimerkiksi leikkauksen tai tapaturman j\u00e4lkeen. Forten fysioterapeutit tekev\u00e4t lis\u00e4ksi Kelan tukemaa vaativaa l\u00e4\u00e4kinn\u00e4llist\u00e4 kuntoutusta, [&hellip;]<\/p>\n","protected":false},"author":1,"featured_media":0,"parent":18,"menu_order":10,"comment_status":"closed","ping_status":"closed","template":"","meta":{"site-sidebar-layout":"default","site-content-layout":"","ast-site-content-layout":"default","site-content-style":"default","site-sidebar-style":"default","ast-global-header-display":"","ast-banner-title-visibility":"","ast-main-header-display":"","ast-hfb-above-header-display":"","ast-hfb-below-header-display":"","ast-hfb-mobile-header-display":"","site-post-title":"","ast-breadcrumbs-content":"","ast-featured-img":"","footer-sml-layout":"","theme-transparent-header-meta":"","adv-header-id-meta":"","stick-header-meta":"","header-above-stick-meta":"","header-main-stick-meta":"","header-below-stick-meta":"","astra-migrate-meta-layouts":"default","ast-page-background-enabled":"default","ast-page-background-meta":{"desktop":{"background-color":"var(--ast-global-color-4)","background-image":"","background-repeat":"repeat","background-position":"center center","background-size":"auto","background-attachment":"scroll","background-type":"","background-media":"","overlay-type":"","overlay-color":"","overlay-opacity":"","overlay-gradient":""},"tablet":{"background-color":"","background-image":"","background-repeat":"repeat","background-position":"center center","background-size":"auto","background-attachment":"scroll","background-type":"","background-media":"","overlay-type":"","overlay-color":"","overlay-opacity":"","overlay-gradient":""},"mobile":{"background-color":"","background-image":"","background-repeat":"repeat","background-position":"center center","background-size":"auto","background-attachment":"scroll","background-type":"","background-media":"","overlay-type":"","overlay-color":"","overlay-opacity":"","overlay-gradient":""}},"ast-content-background-meta":{"desktop":{"background-color":"var(--ast-global-color-5)","background-image":"","background-repeat":"repeat","background-position":"center center","background-size":"auto","background-attachment":"scroll","background-type":"","background-media":"","overlay-type":"","overlay-color":"","overlay-opacity":"","overlay-gradient":""},"tablet":{"background-color":"var(--ast-global-color-5)","background-image":"","background-repeat":"repeat","background-position":"center center","background-size":"auto","background-attachment":"scroll","background-type":"","background-media":"","overlay-type":"","overlay-color":"","overlay-opacity":"","overlay-gradient":""},"mobile":{"background-color":"var(--ast-global-color-5)","background-image":"","background-repeat":"repeat","background-position":"center center","background-size":"auto","background-attachment":"scroll","background-type":"","background-media":"","overlay-type":"","overlay-color":"","overlay-opacity":"","overlay-gradient":""}}},"_links":{"self":[{"href":"http:\/\/www.fysioterapiaforte.fi\/cms\/wp-json\/wp\/v2\/pages\/43"}],"collection":[{"href":"http:\/\/www.fysioterapiaforte.fi\/cms\/wp-json\/wp\/v2\/pages"}],"about":[{"href":"http:\/\/www.fysioterapiaforte.fi\/cms\/wp-json\/wp\/v2\/types\/page"}],"author":[{"embeddable":true,"href":"http:\/\/www.fysioterapiaforte.fi\/cms\/wp-json\/wp\/v2\/users\/1"}],"replies":[{"embeddable":true,"href":"http:\/\/www.fysioterapiaforte.fi\/cms\/wp-json\/wp\/v2\/comments?post=43"}],"version-history":[{"count":0,"href":"http:\/\/www.fysioterapiaforte.fi\/cms\/wp-json\/wp\/v2\/pages\/43\/revisions"}],"up":[{"embeddable":true,"href":"http:\/\/www.fysioterapiaforte.fi\/cms\/wp-json\/wp\/v2\/pages\/18"}],"wp:attachment":[{"href":"http:\/\/www.fysioterapiaforte.fi\/cms\/wp-json\/wp\/v2\/media?parent=43"}],"curies":[{"name":"wp","href":"https:\/\/api.w.org\/{rel}","templated":true}]}}