{"id":45,"date":"2016-05-11T14:49:37","date_gmt":"2016-05-11T11:49:37","guid":{"rendered":"http:\/\/www.fysioterapiaforte.fi\/cms\/?page_id=45"},"modified":"2018-09-20T15:40:16","modified_gmt":"2018-09-20T12:40:16","slug":"forte-center","status":"publish","type":"page","link":"http:\/\/www.fysioterapiaforte.fi\/cms\/palvelut-tuotteet\/forte-center\/","title":{"rendered":"Forte Center"},"content":{"rendered":"<p><img decoding=\"async\" loading=\"lazy\" class=\"size-thumbnail wp-image-145 alignleft\" src=\"http:\/\/www.fysioterapiaforte.fi\/cms\/wp-content\/uploads\/2016\/05\/Forte_Center_kaukaa_v\u00e4rik\u00e4sitelty_neli\u00f6-150x150.jpg\" alt=\"Forte_Center_kaukaa_v\u00e4rik\u00e4sitelty_neli\u00f6\" width=\"150\" height=\"150\" srcset=\"http:\/\/www.fysioterapiaforte.fi\/cms\/wp-content\/uploads\/2016\/05\/Forte_Center_kaukaa_v\u00e4rik\u00e4sitelty_neli\u00f6-150x150.jpg 150w, http:\/\/www.fysioterapiaforte.fi\/cms\/wp-content\/uploads\/2016\/05\/Forte_Center_kaukaa_v\u00e4rik\u00e4sitelty_neli\u00f6-300x300.jpg 300w, http:\/\/www.fysioterapiaforte.fi\/cms\/wp-content\/uploads\/2016\/05\/Forte_Center_kaukaa_v\u00e4rik\u00e4sitelty_neli\u00f6-768x768.jpg 768w, http:\/\/www.fysioterapiaforte.fi\/cms\/wp-content\/uploads\/2016\/05\/Forte_Center_kaukaa_v\u00e4rik\u00e4sitelty_neli\u00f6-1024x1024.jpg 1024w, http:\/\/www.fysioterapiaforte.fi\/cms\/wp-content\/uploads\/2016\/05\/Forte_Center_kaukaa_v\u00e4rik\u00e4sitelty_neli\u00f6.jpg 1200w\" sizes=\"(max-width: 150px) 100vw, 150px\" \/>Forten toimipiste Teuvalla sijaitsee entisess\u00e4 Nordean kiinteist\u00f6ss\u00e4 osoitteessa Sillanp\u00e4\u00e4nkuja 4. Forte Centerist\u00e4 l\u00f6ytyy Forten muiden palvelujen lis\u00e4ksi kuntosali sek\u00e4 KristinaMedin ty\u00f6terveyshuolto ja l\u00e4\u00e4k\u00e4ripalvelut.<\/p>\n<p>Forte Centeriss\u00e4 on mahdollisuus suorittaa my\u00f6s painokevennetty\u00e4 k\u00e4velyharjoittelua sek\u00e4 testata syd\u00e4n- ja verenkiertoelimist\u00f6n kuntoa polkupy\u00f6r\u00e4ergometrin avulla.<\/p>\n<p><img decoding=\"async\" loading=\"lazy\" class=\"size-thumbnail wp-image-169 alignleft\" src=\"http:\/\/www.fysioterapiaforte.fi\/cms\/wp-content\/uploads\/2016\/05\/Kuntosali02_v\u00e4rik\u00e4sitelty_neli\u00f6-1-150x150.jpg\" alt=\"Kuntosali02_v\u00e4rik\u00e4sitelty_neli\u00f6\" width=\"150\" height=\"150\" srcset=\"http:\/\/www.fysioterapiaforte.fi\/cms\/wp-content\/uploads\/2016\/05\/Kuntosali02_v\u00e4rik\u00e4sitelty_neli\u00f6-1-150x150.jpg 150w, http:\/\/www.fysioterapiaforte.fi\/cms\/wp-content\/uploads\/2016\/05\/Kuntosali02_v\u00e4rik\u00e4sitelty_neli\u00f6-1-300x300.jpg 300w, http:\/\/www.fysioterapiaforte.fi\/cms\/wp-content\/uploads\/2016\/05\/Kuntosali02_v\u00e4rik\u00e4sitelty_neli\u00f6-1-768x768.jpg 768w, http:\/\/www.fysioterapiaforte.fi\/cms\/wp-content\/uploads\/2016\/05\/Kuntosali02_v\u00e4rik\u00e4sitelty_neli\u00f6-1-1024x1024.jpg 1024w, http:\/\/www.fysioterapiaforte.fi\/cms\/wp-content\/uploads\/2016\/05\/Kuntosali02_v\u00e4rik\u00e4sitelty_neli\u00f6-1.jpg 1200w\" sizes=\"(max-width: 150px) 100vw, 150px\" \/><\/p>\n<p>Forten kuntosalille p\u00e4\u00e4see oman s\u00e4hk\u00f6isen kulkukortin avulla, joten salille voi tulla omien aikataulujen mukaan. Kulkukortilla p\u00e4\u00e4see sis\u00e4lle klo 7-21 joka p\u00e4iv\u00e4 pois lukien naisten ilta tiistaisin klo 18-22.00, jolloin miesten kortilla ei p\u00e4\u00e4se sis\u00e4lle ja miesten vuoro torstaisin klo 19-22.00m jolloin naistenkortilla ei p\u00e4\u00e4se sis\u00e4lle<\/p>\n<p>Kuntosalin laitteet ovat uusia ja moderneja monipuolisia kuntoilulaitteita. Salilta l\u00f6ytyy muun muassa:<\/p>\n<p>-Viisiosainen taljalaitteisto, joka sis\u00e4lt\u00e4\u00e4 my\u00f6s ristitaljan ja reisipr\u00e4ssin.<\/p>\n<p>-Keskivartaloa voi harjoituttaa Kinesis Core -yhdistelm\u00e4laitteella.<\/p>\n<p>-Toiminnalliseen harjoitteluun soveltuu Kinesis One Station.<\/p>\n<p>-Kehonpainoharjoitteluun ja vapailla painoilla suoritettaviin harjoitteisiin l\u00f6ytyy r\u00e4kkiteline.<\/p>\n<p>Salilla on k\u00e4ytett\u00e4viss\u00e4 my\u00f6s selk\u00e4-, vino- ja tasapenkit. Sykeharjoittelua voi suorittaa juoksumatolla, kuntopy\u00f6r\u00e4ll\u00e4, soutulaitteella tai spinning-py\u00f6r\u00e4ll\u00e4. Uutuutena salilla kaareva moottoroimaton juoksumatto! Lis\u00e4ksi salilta l\u00f6ytyy eripainoisia kahvakuulia, k\u00e4sipainoja sek\u00e4 levytankoharjoitteluun soveltuvia v\u00e4lineit\u00e4.<\/p>\n<p>Kuntosalille voi ostaa kertamaksukortteja sek\u00e4 kuukausi- ja vuosikortteja.<\/p>\n<p><strong><a href=\"http:\/\/www.fysioterapiaforte.fi\/cms\/palvelut-tuotteet\/hinnasto\/\" target=\"_blank\">HINNASTO<\/a><\/strong><\/p>\n<p><img decoding=\"async\" loading=\"lazy\" class=\"size-thumbnail wp-image-189 alignleft\" src=\"http:\/\/www.fysioterapiaforte.fi\/cms\/wp-content\/uploads\/2016\/05\/KristinaMedi_logo_neli\u00f6-1-150x150.jpg\" alt=\"KristinaMedi_logo_neli\u00f6\" width=\"150\" height=\"150\" srcset=\"http:\/\/www.fysioterapiaforte.fi\/cms\/wp-content\/uploads\/2016\/05\/KristinaMedi_logo_neli\u00f6-1-150x150.jpg 150w, http:\/\/www.fysioterapiaforte.fi\/cms\/wp-content\/uploads\/2016\/05\/KristinaMedi_logo_neli\u00f6-1.jpg 200w\" sizes=\"(max-width: 150px) 100vw, 150px\" \/>Forte Centeriss\u00e4 toimii KristinaMedin ty\u00f6terveyshoitajan ja -l\u00e4\u00e4k\u00e4rin vastaanotto. Aikoja on saatavissa my\u00f6s yleisl\u00e4\u00e4k\u00e4rille.<\/p>\n<p>Ajanvaraus:<br \/>\nty\u00f6terveyshuolto 040 357 8737, yleisl\u00e4\u00e4k\u00e4ri 06 357 8700<br \/>\n<a href=\"http:\/\/www.kristinamedi.fi\/\">kristinamedi.fi<\/a>, <a href=\"https:\/\/www.facebook.com\/KristinaMedi\/\">facebook.com\/kristinamedi<\/a><\/p>\n","protected":false},"excerpt":{"rendered":"<p>Forten toimipiste Teuvalla sijaitsee entisess\u00e4 Nordean kiinteist\u00f6ss\u00e4 osoitteessa Sillanp\u00e4\u00e4nkuja 4. Forte Centerist\u00e4 l\u00f6ytyy Forten muiden palvelujen lis\u00e4ksi kuntosali sek\u00e4 KristinaMedin ty\u00f6terveyshuolto ja l\u00e4\u00e4k\u00e4ripalvelut. Forte Centeriss\u00e4 on mahdollisuus suorittaa my\u00f6s painokevennetty\u00e4 k\u00e4velyharjoittelua sek\u00e4 testata syd\u00e4n- ja verenkiertoelimist\u00f6n kuntoa polkupy\u00f6r\u00e4ergometrin avulla. Forten kuntosalille p\u00e4\u00e4see oman s\u00e4hk\u00f6isen kulkukortin avulla, joten salille voi tulla omien aikataulujen mukaan. Kulkukortilla p\u00e4\u00e4see [&hellip;]<\/p>\n","protected":false},"author":1,"featured_media":0,"parent":18,"menu_order":40,"comment_status":"closed","ping_status":"closed","template":"","meta":{"site-sidebar-layout":"default","site-content-layout":"","ast-site-content-layout":"default","site-content-style":"default","site-sidebar-style":"default","ast-global-header-display":"","ast-banner-title-visibility":"","ast-main-header-display":"","ast-hfb-above-header-display":"","ast-hfb-below-header-display":"","ast-hfb-mobile-header-display":"","site-post-title":"","ast-breadcrumbs-content":"","ast-featured-img":"","footer-sml-layout":"","theme-transparent-header-meta":"","adv-header-id-meta":"","stick-header-meta":"","header-above-stick-meta":"","header-main-stick-meta":"","header-below-stick-meta":"","astra-migrate-meta-layouts":"default","ast-page-background-enabled":"default","ast-page-background-meta":{"desktop":{"background-color":"var(--ast-global-color-4)","background-image":"","background-repeat":"repeat","background-position":"center center","background-size":"auto","background-attachment":"scroll","background-type":"","background-media":"","overlay-type":"","overlay-color":"","overlay-opacity":"","overlay-gradient":""},"tablet":{"background-color":"","background-image":"","background-repeat":"repeat","background-position":"center center","background-size":"auto","background-attachment":"scroll","background-type":"","background-media":"","overlay-type":"","overlay-color":"","overlay-opacity":"","overlay-gradient":""},"mobile":{"background-color":"","background-image":"","background-repeat":"repeat","background-position":"center center","background-size":"auto","background-attachment":"scroll","background-type":"","background-media":"","overlay-type":"","overlay-color":"","overlay-opacity":"","overlay-gradient":""}},"ast-content-background-meta":{"desktop":{"background-color":"var(--ast-global-color-5)","background-image":"","background-repeat":"repeat","background-position":"center center","background-size":"auto","background-attachment":"scroll","background-type":"","background-media":"","overlay-type":"","overlay-color":"","overlay-opacity":"","overlay-gradient":""},"tablet":{"background-color":"var(--ast-global-color-5)","background-image":"","background-repeat":"repeat","background-position":"center center","background-size":"auto","background-attachment":"scroll","background-type":"","background-media":"","overlay-type":"","overlay-color":"","overlay-opacity":"","overlay-gradient":""},"mobile":{"background-color":"var(--ast-global-color-5)","background-image":"","background-repeat":"repeat","background-position":"center center","background-size":"auto","background-attachment":"scroll","background-type":"","background-media":"","overlay-type":"","overlay-color":"","overlay-opacity":"","overlay-gradient":""}}},"_links":{"self":[{"href":"http:\/\/www.fysioterapiaforte.fi\/cms\/wp-json\/wp\/v2\/pages\/45"}],"collection":[{"href":"http:\/\/www.fysioterapiaforte.fi\/cms\/wp-json\/wp\/v2\/pages"}],"about":[{"href":"http:\/\/www.fysioterapiaforte.fi\/cms\/wp-json\/wp\/v2\/types\/page"}],"author":[{"embeddable":true,"href":"http:\/\/www.fysioterapiaforte.fi\/cms\/wp-json\/wp\/v2\/users\/1"}],"replies":[{"embeddable":true,"href":"http:\/\/www.fysioterapiaforte.fi\/cms\/wp-json\/wp\/v2\/comments?post=45"}],"version-history":[{"count":0,"href":"http:\/\/www.fysioterapiaforte.fi\/cms\/wp-json\/wp\/v2\/pages\/45\/revisions"}],"up":[{"embeddable":true,"href":"http:\/\/www.fysioterapiaforte.fi\/cms\/wp-json\/wp\/v2\/pages\/18"}],"wp:attachment":[{"href":"http:\/\/www.fysioterapiaforte.fi\/cms\/wp-json\/wp\/v2\/media?parent=45"}],"curies":[{"name":"wp","href":"https:\/\/api.w.org\/{rel}","templated":true}]}}