{"id":51,"date":"2016-05-11T14:51:56","date_gmt":"2016-05-11T11:51:56","guid":{"rendered":"http:\/\/www.fysioterapiaforte.fi\/cms\/?page_id=51"},"modified":"2016-10-26T11:31:46","modified_gmt":"2016-10-26T08:31:46","slug":"yrityksille-ja-ryhmille","status":"publish","type":"page","link":"http:\/\/www.fysioterapiaforte.fi\/cms\/palvelut-tuotteet\/yrityksille-ja-ryhmille\/","title":{"rendered":"Yrityksille ja ryhmille"},"content":{"rendered":"<p><img decoding=\"async\" loading=\"lazy\" class=\"size-thumbnail wp-image-155 alignleft\" src=\"http:\/\/www.fysioterapiaforte.fi\/cms\/wp-content\/uploads\/2016\/05\/Tilanne_vy\u00f6t\u00e4r\u00f6nmittaus_taustaton_v\u00e4rik\u00e4sitelty_neli\u00f6-150x150.jpg\" alt=\"Tilanne_vy\u00f6t\u00e4r\u00f6nmittaus_taustaton_v\u00e4rik\u00e4sitelty_neli\u00f6\" width=\"150\" height=\"150\" srcset=\"http:\/\/www.fysioterapiaforte.fi\/cms\/wp-content\/uploads\/2016\/05\/Tilanne_vy\u00f6t\u00e4r\u00f6nmittaus_taustaton_v\u00e4rik\u00e4sitelty_neli\u00f6-150x150.jpg 150w, http:\/\/www.fysioterapiaforte.fi\/cms\/wp-content\/uploads\/2016\/05\/Tilanne_vy\u00f6t\u00e4r\u00f6nmittaus_taustaton_v\u00e4rik\u00e4sitelty_neli\u00f6-300x300.jpg 300w, http:\/\/www.fysioterapiaforte.fi\/cms\/wp-content\/uploads\/2016\/05\/Tilanne_vy\u00f6t\u00e4r\u00f6nmittaus_taustaton_v\u00e4rik\u00e4sitelty_neli\u00f6-768x768.jpg 768w, http:\/\/www.fysioterapiaforte.fi\/cms\/wp-content\/uploads\/2016\/05\/Tilanne_vy\u00f6t\u00e4r\u00f6nmittaus_taustaton_v\u00e4rik\u00e4sitelty_neli\u00f6-1024x1024.jpg 1024w, http:\/\/www.fysioterapiaforte.fi\/cms\/wp-content\/uploads\/2016\/05\/Tilanne_vy\u00f6t\u00e4r\u00f6nmittaus_taustaton_v\u00e4rik\u00e4sitelty_neli\u00f6.jpg 1200w\" sizes=\"(max-width: 150px) 100vw, 150px\" \/><\/p>\n<p>Forte tarjoaa yrityksille r\u00e4\u00e4t\u00e4l\u00f6ityj\u00e4 ty\u00f6hyvinvointikokonaisuuksia, joiden tavoitteena on v\u00e4hent\u00e4\u00e4 sairauspoissaoloja ja parantaa ty\u00f6ntekij\u00f6iden stressinhallintaa sek\u00e4 kokonaisvaltaista hyvinvointia.<\/p>\n<p><a href=\"http:\/\/www.iltasanomat.fi\/taloussanomat\/oma-raha\/art-2000001784920.html\">Elinkeinoel\u00e4m\u00e4n Keskusliiton<\/a>\u00a0sek\u00e4 <a href=\"http:\/\/www.valtiokonttori.fi\/fi-FI\/Virastoille_ja_laitoksille\/Henkilostohallintoa_ja_johtamista_tukevat_palvelut\/Kaikutyoelamapalvelut\/Tyohyvinvointi\/Tyohyvinvointi_tuottavuustekijana\/Mita_sairaudet_tai_tyokyvyttomyys_maksav(43457)#01\">Valtionkonttorin<\/a> tekemien laskelmien mukaan yhden ty\u00f6ntekij\u00e4n sairausp\u00e4iv\u00e4 maksaa ty\u00f6nantajalle keskim\u00e4\u00e4rin 350<br \/>\neuroa. Ty\u00f6ntekij\u00f6iden hyvinvointiin panostamalla voidaan lis\u00e4t\u00e4 ty\u00f6tehoa, alentaa stressi\u00e4 sek\u00e4 v\u00e4hent\u00e4\u00e4 merkitt\u00e4v\u00e4sti sairauspoissaoloja.<\/p>\n<p>Kaikista Forten palveluista voidaan r\u00e4\u00e4t\u00e4l\u00f6id\u00e4 yritykselle sopiva ty\u00f6hyvinvointikokonaisuus.<br \/>\nSeuraavat\u00a0tarjoukset ovat voimassa 31.12.2016 saakka.<\/p>\n<p><strong>Hyvinvointipaketit:<\/strong><br \/>\n1. Kokonaisvaltainen hyvinvointipaketti DE LUX 390 \u20ac \/ hl\u00f6<br \/>\n2. Kokonaisvaltainen hyvinvointipaketti 295 \u20ac \/ hl\u00f6<br \/>\n3. Hyvinvointia kuntoillen 210 \u20ac \/ hl\u00f6<br \/>\n4. Firstbeat Hyvinvointimittaus 120 \u20ac \/ hl\u00f6<\/p>\n<p><strong>Yksitt\u00e4iset tuotteet:<\/strong><br \/>\n5. Ohjattu ryhm\u00e4liikunta 120 \u20ac \/ kerta<br \/>\n6. Hyvinvointiluento 250 \u20ac<br \/>\n7. Kuntotestaus 99 \u20ac \/ hl\u00f6<br \/>\n8. InBody Kehonkoostumusmittaus 15 \u20ac \/ hl\u00f6<br \/>\n9. Virtaa salikorttiin <a href=\"http:\/\/www.fysioterapiaforte.fi\/cms\/hinnasto\/\">hinnaston mukaan<\/a><\/p>\n<p><strong>Tarkemmat tuote-esittelyt l\u00f6yd\u00e4t <a href=\"http:\/\/www.fysioterapiaforte.fi\/cms\/palvelut-tuotteet\/yrityksille-ja-ryhmille\/tyohyvinvointipaketit\/\">t\u00e4\u00e4lt\u00e4<\/a>.<\/strong><\/p>\n<p>Mik\u00e4li n\u00e4ist\u00e4 paketeista ei l\u00f6ydy yrityksellesi sopivaa kokonaisuutta, niin <a href=\"http:\/\/www.fysioterapiaforte.fi\/cms\/yhteystiedot\/\">ota yhteytt\u00e4<\/a>, niin r\u00e4\u00e4t\u00e4l\u00f6imme juuri Teille sopivan paketin!<\/p>\n<p>Personal training -palvelua on saatavana my\u00f6s ryhm\u00e4muotoisena maksimissaan kuuden hengen ryhmille. Ohjaukseen sis\u00e4ltyy samat asiat kuin yksil\u00f6lle suunnatussa personal trainingiss\u00e4, mutta osa ohjauskerroista ja harjoituksista suoritetaan ryhm\u00e4muotoisesti.\u00a0Forte Centeriss\u00e4 Teuvalla toimii my\u00f6s KristinaMedin ty\u00f6terveyshoitajan ja -l\u00e4\u00e4k\u00e4rin vastaanotto.<\/p>\n<p><strong><a href=\"http:\/\/www.fysioterapiaforte.fi\/cms\/palvelut-tuotteet\/hinnasto\/\" target=\"_blank\">HINNASTO<\/a><\/strong><\/p>\n","protected":false},"excerpt":{"rendered":"<p>Forte tarjoaa yrityksille r\u00e4\u00e4t\u00e4l\u00f6ityj\u00e4 ty\u00f6hyvinvointikokonaisuuksia, joiden tavoitteena on v\u00e4hent\u00e4\u00e4 sairauspoissaoloja ja parantaa ty\u00f6ntekij\u00f6iden stressinhallintaa sek\u00e4 kokonaisvaltaista hyvinvointia. Elinkeinoel\u00e4m\u00e4n Keskusliiton\u00a0sek\u00e4 Valtionkonttorin tekemien laskelmien mukaan yhden ty\u00f6ntekij\u00e4n sairausp\u00e4iv\u00e4 maksaa ty\u00f6nantajalle keskim\u00e4\u00e4rin 350 euroa. Ty\u00f6ntekij\u00f6iden hyvinvointiin panostamalla voidaan lis\u00e4t\u00e4 ty\u00f6tehoa, alentaa stressi\u00e4 sek\u00e4 v\u00e4hent\u00e4\u00e4 merkitt\u00e4v\u00e4sti sairauspoissaoloja. Kaikista Forten palveluista voidaan r\u00e4\u00e4t\u00e4l\u00f6id\u00e4 yritykselle sopiva ty\u00f6hyvinvointikokonaisuus. Seuraavat\u00a0tarjoukset ovat voimassa 31.12.2016 [&hellip;]<\/p>\n","protected":false},"author":1,"featured_media":0,"parent":18,"menu_order":90,"comment_status":"closed","ping_status":"closed","template":"","meta":{"site-sidebar-layout":"default","site-content-layout":"","ast-site-content-layout":"default","site-content-style":"default","site-sidebar-style":"default","ast-global-header-display":"","ast-banner-title-visibility":"","ast-main-header-display":"","ast-hfb-above-header-display":"","ast-hfb-below-header-display":"","ast-hfb-mobile-header-display":"","site-post-title":"","ast-breadcrumbs-content":"","ast-featured-img":"","footer-sml-layout":"","theme-transparent-header-meta":"","adv-header-id-meta":"","stick-header-meta":"","header-above-stick-meta":"","header-main-stick-meta":"","header-below-stick-meta":"","astra-migrate-meta-layouts":"default","ast-page-background-enabled":"default","ast-page-background-meta":{"desktop":{"background-color":"var(--ast-global-color-4)","background-image":"","background-repeat":"repeat","background-position":"center center","background-size":"auto","background-attachment":"scroll","background-type":"","background-media":"","overlay-type":"","overlay-color":"","overlay-opacity":"","overlay-gradient":""},"tablet":{"background-color":"","background-image":"","background-repeat":"repeat","background-position":"center center","background-size":"auto","background-attachment":"scroll","background-type":"","background-media":"","overlay-type":"","overlay-color":"","overlay-opacity":"","overlay-gradient":""},"mobile":{"background-color":"","background-image":"","background-repeat":"repeat","background-position":"center center","background-size":"auto","background-attachment":"scroll","background-type":"","background-media":"","overlay-type":"","overlay-color":"","overlay-opacity":"","overlay-gradient":""}},"ast-content-background-meta":{"desktop":{"background-color":"var(--ast-global-color-5)","background-image":"","background-repeat":"repeat","background-position":"center center","background-size":"auto","background-attachment":"scroll","background-type":"","background-media":"","overlay-type":"","overlay-color":"","overlay-opacity":"","overlay-gradient":""},"tablet":{"background-color":"var(--ast-global-color-5)","background-image":"","background-repeat":"repeat","background-position":"center center","background-size":"auto","background-attachment":"scroll","background-type":"","background-media":"","overlay-type":"","overlay-color":"","overlay-opacity":"","overlay-gradient":""},"mobile":{"background-color":"var(--ast-global-color-5)","background-image":"","background-repeat":"repeat","background-position":"center center","background-size":"auto","background-attachment":"scroll","background-type":"","background-media":"","overlay-type":"","overlay-color":"","overlay-opacity":"","overlay-gradient":""}}},"_links":{"self":[{"href":"http:\/\/www.fysioterapiaforte.fi\/cms\/wp-json\/wp\/v2\/pages\/51"}],"collection":[{"href":"http:\/\/www.fysioterapiaforte.fi\/cms\/wp-json\/wp\/v2\/pages"}],"about":[{"href":"http:\/\/www.fysioterapiaforte.fi\/cms\/wp-json\/wp\/v2\/types\/page"}],"author":[{"embeddable":true,"href":"http:\/\/www.fysioterapiaforte.fi\/cms\/wp-json\/wp\/v2\/users\/1"}],"replies":[{"embeddable":true,"href":"http:\/\/www.fysioterapiaforte.fi\/cms\/wp-json\/wp\/v2\/comments?post=51"}],"version-history":[{"count":0,"href":"http:\/\/www.fysioterapiaforte.fi\/cms\/wp-json\/wp\/v2\/pages\/51\/revisions"}],"up":[{"embeddable":true,"href":"http:\/\/www.fysioterapiaforte.fi\/cms\/wp-json\/wp\/v2\/pages\/18"}],"wp:attachment":[{"href":"http:\/\/www.fysioterapiaforte.fi\/cms\/wp-json\/wp\/v2\/media?parent=51"}],"curies":[{"name":"wp","href":"https:\/\/api.w.org\/{rel}","templated":true}]}}