{"id":1224,"date":"2022-01-27T10:45:26","date_gmt":"2022-01-27T08:45:26","guid":{"rendered":"http:\/\/www.fysioterapiaforte.fi\/cms\/?page_id=1224"},"modified":"2023-02-22T08:15:14","modified_gmt":"2023-02-22T06:15:14","slug":"kuntosali-ja-liikuntapalvelut","status":"publish","type":"page","link":"https:\/\/www.fysioterapiaforte.fi\/cms\/kuntosali-ja-liikuntapalvelut\/","title":{"rendered":"Kuntosali- ja liikuntapalvelut"},"content":{"rendered":"<h2>Kuntosali- ja liikuntapalvelut<\/h2>\n<h2>Forte Center<\/h2>\n<p>Forten toimipiste Teuvalla sijaitsee entisess\u00e4 Nordean kiinteist\u00f6ss\u00e4 osoitteessa Sillanp\u00e4\u00e4nkuja 4. Forte Centerist\u00e4 l\u00f6ytyy Forten muiden palvelujen lis\u00e4ksi <strong>kuntosali<\/strong><strong>.<\/strong><\/p>\n<p>Forte Centeriss\u00e4 on mahdollisuus suorittaa my\u00f6s painokevennetty\u00e4 k\u00e4velyharjoittelua sek\u00e4 testata syd\u00e4n- ja verenkiertoelimist\u00f6n kuntoa polkupy\u00f6r\u00e4ergometrin avulla.<\/p>\n<p>Forten kuntosalille p\u00e4\u00e4see oman s\u00e4hk\u00f6isen kulkukortin avulla, joten salille voi tulla omien aikataulujen mukaan. Kulkukortilla p\u00e4\u00e4see sis\u00e4lle klo 7-21.00 joka p\u00e4iv\u00e4 pois lukien naisten ilta tiistaisin klo 18-22.00, jolloin miesten kortilla ei p\u00e4\u00e4se sis\u00e4lle ja miesten vuoro torstaisin klo 19-22.00, jolloin naistenkortilla ei p\u00e4\u00e4se sis\u00e4lle<\/p>\n<p>Kuntosalin laitteet ovat uusia ja moderneja monipuolisia kuntoilulaitteita.<\/p>\n<h5>Salilta l\u00f6ytyy muun muassa:<\/h5>\n<ul>\n<li>Viisiosainen taljalaitteisto, joka sis\u00e4lt\u00e4\u00e4 my\u00f6s ristitaljan ja reisipr\u00e4ssin.<\/li>\n<li>Keskivartaloa voi harjoituttaa Kinesis Core -yhdistelm\u00e4laitteella.<\/li>\n<li>Toiminnalliseen harjoitteluun soveltuu Kinesis One Station.<\/li>\n<li>Kehonpainoharjoitteluun ja vapailla painoilla suoritettaviin harjoitteisiin l\u00f6ytyy r\u00e4kkiteline.<\/li>\n<\/ul>\n<p>Salilla on k\u00e4ytett\u00e4viss\u00e4 my\u00f6s selk\u00e4-, vino- ja tasapenkit. Sykeharjoittelua voi suorittaa juoksumatolla, kuntopy\u00f6r\u00e4ll\u00e4, soutulaitteella tai spinning-py\u00f6r\u00e4ll\u00e4. Uutuutena salilla kaareva moottoroimaton juoksumatto! Lis\u00e4ksi salilta l\u00f6ytyy eripainoisia kahvakuulia, k\u00e4sipainoja sek\u00e4 levytankoharjoitteluun soveltuvia v\u00e4lineit\u00e4.<\/p>\n<h5>Kuntosalikortit<\/h5>\n<p>Kuntosalille voi ostaa kertamaksukortteja sek\u00e4 kuukausi- ja vuosikortteja.<\/p>\n<p><strong>6 \u20ac\u00a0 <\/strong>Kertalippu<br \/>\n<strong>49 \u20ac\u00a0 <\/strong>Kymppikortti<br \/>\n<strong>99 \u20ac\u00a0 <\/strong>Kuukausikortti 3 kk<br \/>\n<strong>165<\/strong> \u20ac Kuukausikortti 6 kk<strong><br \/>\n<\/strong><strong>279 \u20ac<\/strong>\u00a0 Vuosikortti<\/p>\n<p><em>Opiskelijoille, el\u00e4kel\u00e4isille ja koti\u00e4ideille -10 % alennus<\/em><\/p>\n<h3>Forte Center<br \/>\nTeuva<\/h3>\n<p>Sillanp\u00e4\u00e4nkuja 4<br \/>\n64700 Teuva<\/p>\n<p><iframe title=\"Sillanp\u00e4\u00e4nkuja 4, 64700 Teuva\" src=\"https:\/\/maps.google.com\/maps?q=Sillanp%C3%A4%C3%A4nkuja%204%2C%2064700%20Teuva&amp;t=m&amp;z=15&amp;output=embed&amp;iwloc=near\" frameborder=\"0\" marginwidth=\"0\" marginheight=\"0\" scrolling=\"no\" aria-label=\"Sillanp\u00e4\u00e4nkuja 4, 64700 Teuva\"><\/iframe><\/p>\n<h2>Ota yhteytt\u00e4<\/h2>\n<h2>Tarjouspyynt\u00f6<\/h2>\n<p>\r\n<style type=\"text\/css\">\r\n\r\n\r\n\r\n\r\n\r\n\r\n\r\n\r\n\r\n\tbody #wpforms-920 .wpforms-form .wpforms-field input[type=text],\r\n\tbody #wpforms-920 .wpforms-form .wpforms-field input[type=email],\r\n\tbody #wpforms-920 .wpforms-form .wpforms-field input[type=tel],\r\n\tbody #wpforms-920 .wpforms-form .wpforms-field input[type=url],\r\n\tbody #wpforms-920 .wpforms-form .wpforms-field input[type=password],\r\n\tbody #wpforms-920 .wpforms-form .wpforms-field input[type=number]\r\n\t{\r\n\t\tbackground-color:#65b5ff ;color:#353535 ;border-color:#044689 ;\t\tborder-width: 1px;\t}\r\n\r\n\tbody #wpforms-920 .wpforms-form .wpforms-field .wpforms-field-row\r\n\t{\r\n\t\t\t}\r\n\r\n\tbody #wpforms-920 .wpforms-form .wpforms-field-layout.wpforms-field input[type=text],\r\n\tbody #wpforms-920 .wpforms-form .wpforms-field-layout.wpforms-field input[type=email],\r\n\tbody #wpforms-920 .wpforms-form .wpforms-field-layout.wpforms-field input[type=tel],\r\n\tbody #wpforms-920 .wpforms-form .wpforms-field-layout.wpforms-field input[type=url],\r\n\tbody #wpforms-920 .wpforms-form .wpforms-field-layout.wpforms-field input[type=password],\r\n\tbody #wpforms-920 .wpforms-form .wpforms-field-layout.wpforms-field input[type=number]{\r\n\t\twidth: 100%;\r\n\t}\r\n\r\n\tbody #wpforms-920 .wpforms-form .wpforms-field .wpforms-field-row input[type=text]{\r\n\t\twidth: 100%;\r\n\t}\r\n\r\n\r\n\r\n\r\n\r\n\tbody #wpforms-920 .wpforms-form .wpforms-field textarea {\r\n\t\tbackground-color:#65b5ff ;border-color:#044689 ;\t\t\tborder-width: 1px;\t}\r\n\r\n\r\n\r\n \r\n\tbody #wpforms-920 .wpforms-form .wpforms-field label.wpforms-field-label,\r\n\tbody #wpforms-920 .wpforms-form .wpforms-field .wpforms-field-label {\r\n\t\tcolor:#ffffff ;\t}\r\n\r\n\r\n\/* Styling for Tablets *\/\r\n@media only screen and (max-width: 800px) and (min-width:481px) {\r\n\t\r\n\r\n\r\n\r\n}\r\n\r\n@media only screen and (max-width: 480px){\r\n\t\r\n\r\n\r\n\r\n}\r\n\/*Option to add custom CSS *\/\r\n\r\n\r\n\r\n\t\t<\/style>\r\n\t\t<div class=\"wpforms-container wpforms-container-full\" id=\"wpforms-920\"><form id=\"wpforms-form-920\" class=\"wpforms-validate wpforms-form\" data-formid=\"920\" method=\"post\" enctype=\"multipart\/form-data\" action=\"\/cms\/wp-json\/wp\/v2\/pages\/1224\" data-token=\"d39fc1ab9553fb6eb8837d6a00c0c760\" data-token-time=\"1777616026\"><noscript class=\"wpforms-error-noscript\">Please enable JavaScript in your browser to complete this form.<\/noscript><div class=\"wpforms-field-container\"><div id=\"wpforms-920-field_7-container\" class=\"wpforms-field wpforms-field-name\" data-field-id=\"7\"><label class=\"wpforms-field-label\" for=\"wpforms-920-field_7\">Etunimi <span class=\"wpforms-required-label\">*<\/span><\/label><input type=\"text\" id=\"wpforms-920-field_7\" class=\"wpforms-field-large wpforms-field-required\" name=\"wpforms[fields][7]\" required><\/div><div id=\"wpforms-920-field_8-container\" class=\"wpforms-field wpforms-field-name\" data-field-id=\"8\"><label class=\"wpforms-field-label\" for=\"wpforms-920-field_8\">Sukunimi <span class=\"wpforms-required-label\">*<\/span><\/label><input type=\"text\" id=\"wpforms-920-field_8\" class=\"wpforms-field-large wpforms-field-required\" name=\"wpforms[fields][8]\" required><\/div><div id=\"wpforms-920-field_3-container\" class=\"wpforms-field wpforms-field-email\" data-field-id=\"3\"><label class=\"wpforms-field-label\" for=\"wpforms-920-field_3\">S\u00e4hk\u00f6postiosoite <span class=\"wpforms-required-label\">*<\/span><\/label><input type=\"email\" id=\"wpforms-920-field_3\" class=\"wpforms-field-large wpforms-field-required\" name=\"wpforms[fields][3]\" spellcheck=\"false\" required><\/div><div id=\"wpforms-920-field_4-container\" class=\"wpforms-field wpforms-field-text\" data-field-id=\"4\"><label class=\"wpforms-field-label\" for=\"wpforms-920-field_4\">Puhelinnumero<\/label><input type=\"text\" id=\"wpforms-920-field_4\" class=\"wpforms-field-large\" name=\"wpforms[fields][4]\" ><\/div><div id=\"wpforms-920-field_5-container\" class=\"wpforms-field wpforms-field-text\" data-field-id=\"5\"><label class=\"wpforms-field-label\" for=\"wpforms-920-field_5\">Otsikko<\/label><input type=\"text\" id=\"wpforms-920-field_5\" class=\"wpforms-field-large\" name=\"wpforms[fields][5]\" ><\/div><div id=\"wpforms-920-field_6-container\" class=\"wpforms-field wpforms-field-textarea\" data-field-id=\"6\"><label class=\"wpforms-field-label\" for=\"wpforms-920-field_6\">Viesti <span class=\"wpforms-required-label\">*<\/span><\/label><textarea id=\"wpforms-920-field_6\" class=\"wpforms-field-small wpforms-field-required\" name=\"wpforms[fields][6]\" required><\/textarea><\/div><\/div><!-- .wpforms-field-container --><div class=\"wpforms-recaptcha-container wpforms-is-recaptcha wpforms-is-recaptcha-type-v2\" ><div class=\"g-recaptcha\" data-sitekey=\"6LfHvgEqAAAAACNWCgQRG9QV3jIeByuhmQH4QMjk\"><\/div><input type=\"text\" name=\"g-recaptcha-hidden\" class=\"wpforms-recaptcha-hidden\" style=\"position:absolute!important;clip:rect(0,0,0,0)!important;height:1px!important;width:1px!important;border:0!important;overflow:hidden!important;padding:0!important;margin:0!important;\" data-rule-recaptcha=\"1\"><\/div><div class=\"wpforms-submit-container\" ><input type=\"hidden\" name=\"wpforms[id]\" value=\"920\"><input type=\"hidden\" name=\"page_title\" value=\"\"><input type=\"hidden\" name=\"page_url\" value=\"https:\/\/www.fysioterapiaforte.fi\/cms\/wp-json\/wp\/v2\/pages\/1224\"><input type=\"hidden\" name=\"url_referer\" value=\"\"><button type=\"submit\" name=\"wpforms[submit]\" id=\"wpforms-submit-920\" class=\"wpforms-submit\" aria-live=\"assertive\" value=\"wpforms-submit\">L\u00e4het\u00e4<\/button><\/div><\/form><\/div>  <!-- .wpforms-container -->\r\n<style type=\"text\/css\">\r\n\r\n\r\n\r\n\r\n\r\n\r\n\r\n\r\n\r\n\tbody #wpforms-1099 .wpforms-form .wpforms-field input[type=text],\r\n\tbody #wpforms-1099 .wpforms-form .wpforms-field input[type=email],\r\n\tbody #wpforms-1099 .wpforms-form .wpforms-field input[type=tel],\r\n\tbody #wpforms-1099 .wpforms-form .wpforms-field input[type=url],\r\n\tbody #wpforms-1099 .wpforms-form .wpforms-field input[type=password],\r\n\tbody #wpforms-1099 .wpforms-form .wpforms-field input[type=number]\r\n\t{\r\n\t\tbackground-color:#65b5ff ;border-color:#044689 ;\t\tborder-width: 1px;\t}\r\n\r\n\tbody #wpforms-1099 .wpforms-form .wpforms-field .wpforms-field-row\r\n\t{\r\n\t\t\t}\r\n\r\n\tbody #wpforms-1099 .wpforms-form .wpforms-field-layout.wpforms-field input[type=text],\r\n\tbody #wpforms-1099 .wpforms-form .wpforms-field-layout.wpforms-field input[type=email],\r\n\tbody #wpforms-1099 .wpforms-form .wpforms-field-layout.wpforms-field input[type=tel],\r\n\tbody #wpforms-1099 .wpforms-form .wpforms-field-layout.wpforms-field input[type=url],\r\n\tbody #wpforms-1099 .wpforms-form .wpforms-field-layout.wpforms-field input[type=password],\r\n\tbody #wpforms-1099 .wpforms-form .wpforms-field-layout.wpforms-field input[type=number]{\r\n\t\twidth: 100%;\r\n\t}\r\n\r\n\tbody #wpforms-1099 .wpforms-form .wpforms-field .wpforms-field-row input[type=text]{\r\n\t\twidth: 100%;\r\n\t}\r\n\r\n\r\n\r\n\r\n\r\n\tbody #wpforms-1099 .wpforms-form .wpforms-field textarea {\r\n\t\tbackground-color:#65b5ff ;border-color:#044689 ;\t\t\tborder-width: 1px;\t}\r\n\r\n\r\n\r\n \r\n\tbody #wpforms-1099 .wpforms-form .wpforms-field label.wpforms-field-label,\r\n\tbody #wpforms-1099 .wpforms-form .wpforms-field .wpforms-field-label {\r\n\t\tcolor:#ffffff ;\t}\r\n\r\n\r\n\/* Styling for Tablets *\/\r\n@media only screen and (max-width: 800px) and (min-width:481px) {\r\n\t\r\n\r\n\r\n\r\n}\r\n\r\n@media only screen and (max-width: 480px){\r\n\t\r\n\r\n\r\n\r\n}\r\n\/*Option to add custom CSS *\/\r\n\r\n\r\n\r\n\t\t<\/style>\r\n\t\t<div class=\"wpforms-container wpforms-container-full\" id=\"wpforms-1099\"><form id=\"wpforms-form-1099\" class=\"wpforms-validate wpforms-form\" data-formid=\"1099\" method=\"post\" enctype=\"multipart\/form-data\" action=\"\/cms\/wp-json\/wp\/v2\/pages\/1224\" data-token=\"6103775ef4ec2a386c752e7a7c765ab7\" data-token-time=\"1777616026\"><noscript class=\"wpforms-error-noscript\">Please enable JavaScript in your browser to complete this form.<\/noscript><div class=\"wpforms-field-container\"><div id=\"wpforms-1099-field_9-container\" class=\"wpforms-field wpforms-field-name\" data-field-id=\"9\"><label class=\"wpforms-field-label\" for=\"wpforms-1099-field_9\">Yritys \/ Yhteis\u00f6<\/label><input type=\"text\" id=\"wpforms-1099-field_9\" class=\"wpforms-field-medium\" name=\"wpforms[fields][9]\" ><\/div><div id=\"wpforms-1099-field_7-container\" class=\"wpforms-field wpforms-field-name\" data-field-id=\"7\"><label class=\"wpforms-field-label\" for=\"wpforms-1099-field_7\">Etunimi <span class=\"wpforms-required-label\">*<\/span><\/label><input type=\"text\" id=\"wpforms-1099-field_7\" class=\"wpforms-field-large wpforms-field-required\" name=\"wpforms[fields][7]\" required><\/div><div id=\"wpforms-1099-field_8-container\" class=\"wpforms-field wpforms-field-name\" data-field-id=\"8\"><label class=\"wpforms-field-label\" for=\"wpforms-1099-field_8\">Sukunimi <span class=\"wpforms-required-label\">*<\/span><\/label><input type=\"text\" id=\"wpforms-1099-field_8\" class=\"wpforms-field-large wpforms-field-required\" name=\"wpforms[fields][8]\" required><\/div><div id=\"wpforms-1099-field_3-container\" class=\"wpforms-field wpforms-field-email\" data-field-id=\"3\"><label class=\"wpforms-field-label\" for=\"wpforms-1099-field_3\">S\u00e4hk\u00f6postiosoite <span class=\"wpforms-required-label\">*<\/span><\/label><input type=\"email\" id=\"wpforms-1099-field_3\" class=\"wpforms-field-large wpforms-field-required\" name=\"wpforms[fields][3]\" spellcheck=\"false\" required><\/div><div id=\"wpforms-1099-field_4-container\" class=\"wpforms-field wpforms-field-text\" data-field-id=\"4\"><label class=\"wpforms-field-label\" for=\"wpforms-1099-field_4\">Puhelinnumero <span class=\"wpforms-required-label\">*<\/span><\/label><input type=\"text\" id=\"wpforms-1099-field_4\" class=\"wpforms-field-large wpforms-field-required\" name=\"wpforms[fields][4]\" required><\/div><div id=\"wpforms-1099-field_6-container\" class=\"wpforms-field wpforms-field-textarea\" data-field-id=\"6\"><label class=\"wpforms-field-label\" for=\"wpforms-1099-field_6\">Viesti <span class=\"wpforms-required-label\">*<\/span><\/label><textarea id=\"wpforms-1099-field_6\" class=\"wpforms-field-small wpforms-field-required\" name=\"wpforms[fields][6]\" required><\/textarea><\/div><\/div><!-- .wpforms-field-container --><div class=\"wpforms-recaptcha-container wpforms-is-recaptcha wpforms-is-recaptcha-type-v2\" ><div class=\"g-recaptcha\" data-sitekey=\"6LfHvgEqAAAAACNWCgQRG9QV3jIeByuhmQH4QMjk\"><\/div><input type=\"text\" name=\"g-recaptcha-hidden\" class=\"wpforms-recaptcha-hidden\" style=\"position:absolute!important;clip:rect(0,0,0,0)!important;height:1px!important;width:1px!important;border:0!important;overflow:hidden!important;padding:0!important;margin:0!important;\" data-rule-recaptcha=\"1\"><\/div><div class=\"wpforms-submit-container\" ><input type=\"hidden\" name=\"wpforms[id]\" value=\"1099\"><input type=\"hidden\" name=\"page_title\" value=\"\"><input type=\"hidden\" name=\"page_url\" value=\"https:\/\/www.fysioterapiaforte.fi\/cms\/wp-json\/wp\/v2\/pages\/1224\"><input type=\"hidden\" name=\"url_referer\" value=\"\"><button type=\"submit\" name=\"wpforms[submit]\" id=\"wpforms-submit-1099\" class=\"wpforms-submit\" aria-live=\"assertive\" value=\"wpforms-submit\">L\u00e4het\u00e4<\/button><\/div><\/form><\/div>  <!-- .wpforms-container --><\/p>\n","protected":false},"excerpt":{"rendered":"<p>Kuntosali- ja liikuntapalvelut Forte Center Forten toimipiste Teuvalla sijaitsee entisess\u00e4 Nordean kiinteist\u00f6ss\u00e4 osoitteessa Sillanp\u00e4\u00e4nkuja 4. Forte Centerist\u00e4 l\u00f6ytyy Forten muiden palvelujen lis\u00e4ksi kuntosali. Forte Centeriss\u00e4 on mahdollisuus suorittaa my\u00f6s painokevennetty\u00e4 k\u00e4velyharjoittelua sek\u00e4 testata syd\u00e4n- ja verenkiertoelimist\u00f6n kuntoa polkupy\u00f6r\u00e4ergometrin avulla. Forten kuntosalille p\u00e4\u00e4see oman s\u00e4hk\u00f6isen kulkukortin avulla, joten salille voi tulla omien aikataulujen mukaan. Kulkukortilla p\u00e4\u00e4see [&hellip;]<\/p>\n","protected":false},"author":6,"featured_media":0,"parent":0,"menu_order":0,"comment_status":"closed","ping_status":"closed","template":"","meta":{"site-sidebar-layout":"no-sidebar","site-content-layout":"page-builder","ast-site-content-layout":"default","site-content-style":"default","site-sidebar-style":"default","ast-global-header-display":"","ast-banner-title-visibility":"","ast-main-header-display":"","ast-hfb-above-header-display":"","ast-hfb-below-header-display":"","ast-hfb-mobile-header-display":"","site-post-title":"disabled","ast-breadcrumbs-content":"","ast-featured-img":"disabled","footer-sml-layout":"","theme-transparent-header-meta":"","adv-header-id-meta":"","stick-header-meta":"","header-above-stick-meta":"","header-main-stick-meta":"","header-below-stick-meta":"","astra-migrate-meta-layouts":"default","ast-page-background-enabled":"default","ast-page-background-meta":{"desktop":{"background-color":"var(--ast-global-color-4)","background-image":"","background-repeat":"repeat","background-position":"center center","background-size":"auto","background-attachment":"scroll","background-type":"","background-media":"","overlay-type":"","overlay-color":"","overlay-opacity":"","overlay-gradient":""},"tablet":{"background-color":"","background-image":"","background-repeat":"repeat","background-position":"center center","background-size":"auto","background-attachment":"scroll","background-type":"","background-media":"","overlay-type":"","overlay-color":"","overlay-opacity":"","overlay-gradient":""},"mobile":{"background-color":"","background-image":"","background-repeat":"repeat","background-position":"center center","background-size":"auto","background-attachment":"scroll","background-type":"","background-media":"","overlay-type":"","overlay-color":"","overlay-opacity":"","overlay-gradient":""}},"ast-content-background-meta":{"desktop":{"background-color":"var(--ast-global-color-5)","background-image":"","background-repeat":"repeat","background-position":"center center","background-size":"auto","background-attachment":"scroll","background-type":"","background-media":"","overlay-type":"","overlay-color":"","overlay-opacity":"","overlay-gradient":""},"tablet":{"background-color":"var(--ast-global-color-5)","background-image":"","background-repeat":"repeat","background-position":"center center","background-size":"auto","background-attachment":"scroll","background-type":"","background-media":"","overlay-type":"","overlay-color":"","overlay-opacity":"","overlay-gradient":""},"mobile":{"background-color":"var(--ast-global-color-5)","background-image":"","background-repeat":"repeat","background-position":"center center","background-size":"auto","background-attachment":"scroll","background-type":"","background-media":"","overlay-type":"","overlay-color":"","overlay-opacity":"","overlay-gradient":""}}},"_links":{"self":[{"href":"https:\/\/www.fysioterapiaforte.fi\/cms\/wp-json\/wp\/v2\/pages\/1224"}],"collection":[{"href":"https:\/\/www.fysioterapiaforte.fi\/cms\/wp-json\/wp\/v2\/pages"}],"about":[{"href":"https:\/\/www.fysioterapiaforte.fi\/cms\/wp-json\/wp\/v2\/types\/page"}],"author":[{"embeddable":true,"href":"https:\/\/www.fysioterapiaforte.fi\/cms\/wp-json\/wp\/v2\/users\/6"}],"replies":[{"embeddable":true,"href":"https:\/\/www.fysioterapiaforte.fi\/cms\/wp-json\/wp\/v2\/comments?post=1224"}],"version-history":[{"count":0,"href":"https:\/\/www.fysioterapiaforte.fi\/cms\/wp-json\/wp\/v2\/pages\/1224\/revisions"}],"wp:attachment":[{"href":"https:\/\/www.fysioterapiaforte.fi\/cms\/wp-json\/wp\/v2\/media?parent=1224"}],"curies":[{"name":"wp","href":"https:\/\/api.w.org\/{rel}","templated":true}]}}