{"id":1547,"date":"2024-02-01T14:16:35","date_gmt":"2024-02-01T12:16:35","guid":{"rendered":"https:\/\/www.fysioterapiaforte.fi\/cms\/?page_id=1547"},"modified":"2024-02-01T15:05:03","modified_gmt":"2024-02-01T13:05:03","slug":"rekisteriseloste","status":"publish","type":"page","link":"https:\/\/www.fysioterapiaforte.fi\/cms\/rekisteriseloste\/","title":{"rendered":"Rekisteriseloste"},"content":{"rendered":"\t\t<div data-elementor-type=\"wp-page\" data-elementor-id=\"1547\" class=\"elementor elementor-1547\">\n\t\t\t\t\t\t<div class=\"elementor-inner\">\n\t\t\t\t<div class=\"elementor-section-wrap\">\n\t\t\t\t\t\t\t\t\t<section class=\"elementor-section elementor-top-section elementor-element elementor-element-d20a509 elementor-section-height-min-height elementor-section-boxed elementor-section-height-default elementor-section-items-middle\" data-id=\"d20a509\" data-element_type=\"section\" data-settings=\"{&quot;background_background&quot;:&quot;slideshow&quot;,&quot;background_slideshow_gallery&quot;:[{&quot;id&quot;:728,&quot;url&quot;:&quot;http:\\\/\\\/www.fysioterapiaforte.fi\\\/cms\\\/wp-content\\\/uploads\\\/2021\\\/12\\\/DSC3793.jpg&quot;}],&quot;background_slideshow_slide_duration&quot;:8000,&quot;background_slideshow_slide_transition&quot;:&quot;slide_left&quot;,&quot;background_slideshow_loop&quot;:&quot;yes&quot;,&quot;background_slideshow_transition_duration&quot;:500}\">\n\t\t\t\t\t\t\t<div class=\"elementor-background-overlay\"><\/div>\n\t\t\t\t\t\t\t<div class=\"elementor-container elementor-column-gap-default\">\n\t\t\t\t\t\t\t<div class=\"elementor-row\">\n\t\t\t\t\t<div class=\"elementor-column elementor-col-100 elementor-top-column elementor-element elementor-element-7d67d08d\" data-id=\"7d67d08d\" data-element_type=\"column\">\n\t\t\t<div class=\"elementor-column-wrap elementor-element-populated\">\n\t\t\t\t\t\t\t<div class=\"elementor-widget-wrap\">\n\t\t\t\t\t\t<div class=\"elementor-element elementor-element-cc3ae12 elementor-widget elementor-widget-heading\" data-id=\"cc3ae12\" data-element_type=\"widget\" data-widget_type=\"heading.default\">\n\t\t\t\t<div class=\"elementor-widget-container\">\n\t\t\t<h2 class=\"elementor-heading-title elementor-size-large\">REKISTERISELOSTE<\/h2>\t\t<\/div>\n\t\t\t\t<\/div>\n\t\t\t\t\t\t<\/div>\n\t\t\t\t\t<\/div>\n\t\t<\/div>\n\t\t\t\t\t\t\t\t<\/div>\n\t\t\t\t\t<\/div>\n\t\t<\/section>\n\t\t\t\t<section class=\"elementor-section elementor-top-section elementor-element elementor-element-6c8065ff elementor-section-boxed elementor-section-height-default elementor-section-height-default\" data-id=\"6c8065ff\" data-element_type=\"section\">\n\t\t\t\t\t\t<div class=\"elementor-container elementor-column-gap-default\">\n\t\t\t\t\t\t\t<div class=\"elementor-row\">\n\t\t\t\t\t<div class=\"elementor-column elementor-col-100 elementor-top-column elementor-element elementor-element-671fa761\" data-id=\"671fa761\" data-element_type=\"column\">\n\t\t\t<div class=\"elementor-column-wrap elementor-element-populated\">\n\t\t\t\t\t\t\t<div class=\"elementor-widget-wrap\">\n\t\t\t\t\t\t<div class=\"elementor-element elementor-element-6582e64e elementor-widget__width-initial elementor-widget elementor-widget-text-editor\" data-id=\"6582e64e\" data-element_type=\"widget\" data-widget_type=\"text-editor.default\">\n\t\t\t\t<div class=\"elementor-widget-container\">\n\t\t\t\t\t\t\t\t<div class=\"elementor-text-editor elementor-clearfix\">\n\t\t\t\t<p dir=\"ltr\"><strong>REKISTERISELOSTE<\/strong><\/p><p dir=\"ltr\">Henkil\u00f6tietolaki (523\/1999) 10 \u00a7<br \/>Laatimisp\u00e4iv\u00e4<br \/>P\u00e4ivitetty 21.1.2024<\/p><p dir=\"ltr\"><strong>1. Rekisterin pit\u00e4j\u00e4:<\/strong> <br \/>Fysioterapia Forte Oy<\/p><p dir=\"ltr\"><span style=\"font-style: inherit; font-weight: inherit; color: var( --e-global-color-text ); font-family: var( --e-global-typography-text-font-family ), Sans-serif;\">Osoite:<br \/><\/span><span style=\"font-style: inherit; font-weight: inherit; color: var( --e-global-color-text ); font-family: var( --e-global-typography-text-font-family ), Sans-serif;\">Sillanp\u00e4\u00e4nkuja 4 64700 Teuva ja Puistotie 40-42, 61800 Kauhajoki\u00a0<\/span><\/p><p dir=\"ltr\">Muut yhteystiedot (esim. puhelinvirka-akana, sahk\u00f6postiosoite)<br \/><span style=\"font-style: inherit; font-weight: inherit; color: var( --e-global-color-text ); font-family: var( --e-global-typography-text-font-family ), Sans-serif;\">puh. 0451263929 email: vp(at)<\/span>fysioterapiaforte.fi<\/p><p dir=\"ltr\"><strong>2. Yhteyshenkil\u00f6 rekisteri\u00e4 koskevissa asioissa:\u00a0<\/strong><br \/><span style=\"font-style: inherit; font-weight: inherit; color: var( --e-global-color-text ); font-family: var( --e-global-typography-text-font-family ), Sans-serif;\">Veli-Pekka Haapala<br \/><\/span>Osoite: Sillanp\u00e4\u00e4nkuja 4 64700 Teuva<br \/>Asia<br \/><span style=\"font-style: inherit; font-weight: inherit; color: var( --e-global-color-text ); font-family: var( --e-global-typography-text-font-family ), Sans-serif;\">Muut yhteystiedot (esim. puhelin virka-aikana, s\u00e4hk\u00f6postiosoite)<br \/><\/span><span style=\"font-style: inherit; font-weight: inherit; color: var( --e-global-color-text ); font-family: var( --e-global-typography-text-font-family ), Sans-serif;\">puh. 0451263929 email: vp(at)fysioterapiaforte.fi<\/span><\/p><p dir=\"ltr\"><strong>3. Rekisterin nimi:<br \/><\/strong>Fysioterapia ja kuntosalin asiakasrekisterit<\/p><p dir=\"ltr\"><strong>4. Henkil\u00f6tietojen k\u00e4sittelyn tarkoitus:<br \/><\/strong><span style=\"text-decoration: underline;\">Fysioterapia-asiakkaat:<\/span><br \/>Asiakasrekisteri (Diarium) Pilvipalvelussa toimiva kantatekisteriyhteensopiva vahvasti suojattu j\u00e4rjestelm\u00e4. Tarkoitus tallentaa asiakkaan k\u00e4sittelyn perusyhteystiedot ja fysioterapian k\u00e4yntitiedosta tallennetaan j\u00e4rjestelm\u00e4\u00e4n lainvaatimat asiakaskirjaukset ja n\u00e4m\u00e4 ladataan KANTA-palveluun asiakkaan sinne ilmoittamien suostumusten rajoissa.<\/p><p dir=\"ltr\"><span style=\"text-decoration: underline;\">Kuntosalissa:<\/span><br \/>Kulkuri kulunvalvonta- ja asiakasrekisteri, johon tallennetaan henkil\u00f6ntietojen lis\u00e4ksi s\u00e4hk\u00f6isesti toimivan kulkuj\u00e4rjestelm\u00e4n k\u00e4ytt\u00f6aikatiedot<\/p><p dir=\"ltr\"><strong>5. Rekisterin tietosis\u00e4lt\u00f6<br \/><\/strong><span style=\"text-decoration: underline;\">Fysioterapia:<\/span><br \/>Rekisteriin kirjataan henkil\u00f6n yhteystietojen, henkil\u00f6tietojen ja suostumustietojen lis\u00e4ksi lain vaatimia potilaskirjauksia k\u00e4yntien sis\u00e4ll\u00f6st\u00e4 ja toimenpiteist\u00e4.<\/p><p dir=\"ltr\"><span style=\"text-decoration: underline;\">Kuntosali:<\/span><br \/>Kuntosalij\u00e4rjestelm\u00e4\u00e4n kirjataan henkil\u00f6n yhteystietojen lis\u00e4ksi kulkukortin aktivointiin ja voimassaolotietoihin liityvi\u00e4 merkint\u00f6j\u00e4.<\/p><p dir=\"ltr\"><strong>6. S\u00e4\u00e4nn\u00f6nmukaiset tietol\u00e4hteet<br \/><\/strong><span style=\"text-decoration: underline;\">Fysioterapia:<\/span><br \/>Asiakas on s\u00e4\u00e4nn\u00f6nmukainen tietol\u00e4hde. Tietoja voidaan my\u00f6s saada asiakkaan suostumuksella mm. hoitavalta tai maksusitoumuksen my\u00f6nt\u00e4v\u00e4lt\u00e4 taholta.<\/p><p dir=\"ltr\"><span style=\"text-decoration: underline;\">Kuntosali:<\/span><br \/>Tiedot saadaan asiakkaalta itselt\u00e4\u00e4n.<\/p><p dir=\"ltr\"><strong>7. Tietojen s\u00e4\u00e4nn\u00f6nmukaiset luovutukset<br \/><\/strong><span style=\"text-decoration: underline;\">Fysioterapiarekisteri:<\/span><br \/>Oleellisia potilaan hoitoon liittyvi\u00e4 tietoja voidaan luovuttaa hoidosta vastaavalle l\u00e4\u00e4k\u00e4rille \/ taholle asiakkaan kirjallisella suostumuksella. KANTA-rekisterin ladattuja tietoja voi n\u00e4hd\u00e4 luvan saaneet tahot asiakkaan rekisteriss\u00e4 itse laatimien tietojen luovutussuostumuksen perusteella.<\/p><p dir=\"ltr\"><span style=\"text-decoration: underline;\">Kuntosali:<\/span><br \/>Kulkuri-j\u00e4rjestelm\u00e4n tietoja ei luovuteta ulkopuolisille tahoille vaan ainoastaan asiakkaan k\u00e4ytt\u00f6tarkoituksen mukaiseen salin kulkulupaan.<\/p><p dir=\"ltr\"><strong>8. Tietojen siirto EU:n tai ETA:n ulkopuolelle<br \/><\/strong>Tietoja ei siirrtet\u00e4 EU:n ulkopuolelle<\/p><p dir=\"ltr\"><strong>9. Rekisterin suojauksen periaatteet<br \/><\/strong><span style=\"text-decoration: underline;\">Manuaalinen aineisto<\/span><strong><br \/><\/strong>Manuaalisia asiakaspapereita kuten l\u00e4hetteet ja maksusitoumukset s\u00e4ilytet\u00e4\u00e4n lukittavassa kaapissa lukittavan toimistohuoneen sis\u00e4ll\u00e4.<\/p><p dir=\"ltr\"><span style=\"text-decoration: underline;\">ATK: lla k\u00e4sitelt\u00e4v\u00e4t tiedot<br \/><\/span>Fysioterapia: Kaikki asiakask\u00e4yntitiedot s\u00e4ilytet\u00e4\u00e4n tietokoneella kirjattuna pilvipalvelussa toimivassa potilasj\u00e4rjestelm\u00e4ss\u00e4 (Diarium). Tietokoneet lukittavassa toimistohuoneessa vahvasti monenkertaisen salauksen takana (salasana tietokoneelle ja ohjelmaan erikseen).<\/p><p dir=\"ltr\">Kuntosali: Tietoja s\u00e4ilytet\u00e4\u00e4n lukittavassa toimistossa fyysisell\u00e4 nettiyhteydett\u00f6m\u00e4ll\u00e4 tietokoneella, johon salasana koneelle ja ohjelmaan erikseen.<\/p><p dir=\"ltr\"><strong>10. Rekister\u00f6idyn oikeudet omiin tietoihin:<br \/><\/strong>Rekisteriin merkityll\u00e4 on mahdollisuus tarkistaa rekisteriimme talletetut teit\u00e4 koskevat tiedot henkil\u00f6kohtaisen k\u00e4ynnin yhteydess\u00e4 tai kirjallisella pyynn\u00f6ll\u00e4. Samoin Teill\u00e4 on oikeus vaatia korjattavaksi rekisteriss\u00e4mme oleva virheellinen tieto tai peruuttaa antamanne suostumus tietojenne luovuttamiseen tai rajata sit\u00e4.<\/p><p><!-- wp:paragraph --><\/p><p><!-- \/wp:paragraph --><\/p>\t\t\t\t\t<\/div>\n\t\t\t\t\t\t<\/div>\n\t\t\t\t<\/div>\n\t\t\t\t\t\t<\/div>\n\t\t\t\t\t<\/div>\n\t\t<\/div>\n\t\t\t\t\t\t\t\t<\/div>\n\t\t\t\t\t<\/div>\n\t\t<\/section>\n\t\t\t\t<section class=\"elementor-section elementor-top-section elementor-element elementor-element-60cfc3c7 elementor-section-boxed elementor-section-height-default elementor-section-height-default\" data-id=\"60cfc3c7\" data-element_type=\"section\">\n\t\t\t\t\t\t\t<div class=\"elementor-background-overlay\"><\/div>\n\t\t\t\t\t\t\t<div class=\"elementor-container elementor-column-gap-default\">\n\t\t\t\t\t\t\t<div class=\"elementor-row\">\n\t\t\t\t\t<div class=\"elementor-column elementor-col-100 elementor-top-column elementor-element elementor-element-668780dd\" data-id=\"668780dd\" data-element_type=\"column\">\n\t\t\t<div class=\"elementor-column-wrap elementor-element-populated\">\n\t\t\t\t\t\t\t<div class=\"elementor-widget-wrap\">\n\t\t\t\t\t\t<section class=\"elementor-section elementor-inner-section elementor-element elementor-element-43764c15 elementor-section-boxed elementor-section-height-default elementor-section-height-default\" data-id=\"43764c15\" data-element_type=\"section\">\n\t\t\t\t\t\t<div class=\"elementor-container elementor-column-gap-default\">\n\t\t\t\t\t\t\t<div class=\"elementor-row\">\n\t\t\t\t\t<div class=\"elementor-column elementor-col-50 elementor-inner-column elementor-element elementor-element-78c8ebdf\" data-id=\"78c8ebdf\" data-element_type=\"column\">\n\t\t\t<div class=\"elementor-column-wrap elementor-element-populated\">\n\t\t\t\t\t\t\t<div class=\"elementor-widget-wrap\">\n\t\t\t\t\t\t<div class=\"elementor-element elementor-element-2770c392 elementor-widget elementor-widget-heading\" data-id=\"2770c392\" data-element_type=\"widget\" data-widget_type=\"heading.default\">\n\t\t\t\t<div class=\"elementor-widget-container\">\n\t\t\t<h2 class=\"elementor-heading-title elementor-size-default\">Yhteydenottolomake<\/h2>\t\t<\/div>\n\t\t\t\t<\/div>\n\t\t\t\t\t\t<\/div>\n\t\t\t\t\t<\/div>\n\t\t<\/div>\n\t\t\t\t<div class=\"elementor-column elementor-col-50 elementor-inner-column elementor-element elementor-element-5260b8df\" data-id=\"5260b8df\" data-element_type=\"column\">\n\t\t\t<div class=\"elementor-column-wrap\">\n\t\t\t\t\t\t\t<div class=\"elementor-widget-wrap\">\n\t\t\t\t\t\t\t\t<\/div>\n\t\t\t\t\t<\/div>\n\t\t<\/div>\n\t\t\t\t\t\t\t\t<\/div>\n\t\t\t\t\t<\/div>\n\t\t<\/section>\n\t\t\t\t<section class=\"elementor-section elementor-inner-section elementor-element elementor-element-9a52a0a elementor-section-boxed elementor-section-height-default elementor-section-height-default\" data-id=\"9a52a0a\" data-element_type=\"section\">\n\t\t\t\t\t\t<div class=\"elementor-container elementor-column-gap-default\">\n\t\t\t\t\t\t\t<div class=\"elementor-row\">\n\t\t\t\t\t<div class=\"elementor-column elementor-col-50 elementor-inner-column elementor-element elementor-element-7585d10f\" data-id=\"7585d10f\" data-element_type=\"column\">\n\t\t\t<div class=\"elementor-column-wrap elementor-element-populated\">\n\t\t\t\t\t\t\t<div class=\"elementor-widget-wrap\">\n\t\t\t\t\t\t<div class=\"elementor-element elementor-element-19ec345d elementor-widget elementor-widget-shortcode\" data-id=\"19ec345d\" data-element_type=\"widget\" id=\"etusivu-lomake\" data-widget_type=\"shortcode.default\">\n\t\t\t\t<div class=\"elementor-widget-container\">\n\t\t\t\t\t<div class=\"elementor-shortcode\">\r\n<style type=\"text\/css\">\r\n\r\n\r\n\r\n\r\n\r\n\r\n\r\n\r\n\r\n\tbody #wpforms-920 .wpforms-form .wpforms-field input[type=text],\r\n\tbody #wpforms-920 .wpforms-form .wpforms-field input[type=email],\r\n\tbody #wpforms-920 .wpforms-form .wpforms-field input[type=tel],\r\n\tbody #wpforms-920 .wpforms-form .wpforms-field input[type=url],\r\n\tbody #wpforms-920 .wpforms-form .wpforms-field input[type=password],\r\n\tbody #wpforms-920 .wpforms-form .wpforms-field input[type=number]\r\n\t{\r\n\t\tbackground-color:#65b5ff ;color:#353535 ;border-color:#044689 ;\t\tborder-width: 1px;\t}\r\n\r\n\tbody #wpforms-920 .wpforms-form .wpforms-field .wpforms-field-row\r\n\t{\r\n\t\t\t}\r\n\r\n\tbody #wpforms-920 .wpforms-form .wpforms-field-layout.wpforms-field input[type=text],\r\n\tbody #wpforms-920 .wpforms-form .wpforms-field-layout.wpforms-field input[type=email],\r\n\tbody #wpforms-920 .wpforms-form .wpforms-field-layout.wpforms-field input[type=tel],\r\n\tbody #wpforms-920 .wpforms-form .wpforms-field-layout.wpforms-field input[type=url],\r\n\tbody #wpforms-920 .wpforms-form .wpforms-field-layout.wpforms-field input[type=password],\r\n\tbody #wpforms-920 .wpforms-form .wpforms-field-layout.wpforms-field input[type=number]{\r\n\t\twidth: 100%;\r\n\t}\r\n\r\n\tbody #wpforms-920 .wpforms-form .wpforms-field .wpforms-field-row input[type=text]{\r\n\t\twidth: 100%;\r\n\t}\r\n\r\n\r\n\r\n\r\n\r\n\tbody #wpforms-920 .wpforms-form .wpforms-field textarea {\r\n\t\tbackground-color:#65b5ff ;border-color:#044689 ;\t\t\tborder-width: 1px;\t}\r\n\r\n\r\n\r\n \r\n\tbody #wpforms-920 .wpforms-form .wpforms-field label.wpforms-field-label,\r\n\tbody #wpforms-920 .wpforms-form .wpforms-field .wpforms-field-label {\r\n\t\tcolor:#ffffff ;\t}\r\n\r\n\r\n\/* Styling for Tablets *\/\r\n@media only screen and (max-width: 800px) and (min-width:481px) {\r\n\t\r\n\r\n\r\n\r\n}\r\n\r\n@media only screen and (max-width: 480px){\r\n\t\r\n\r\n\r\n\r\n}\r\n\/*Option to add custom CSS *\/\r\n\r\n\r\n\r\n\t\t<\/style>\r\n\t\t<div class=\"wpforms-container wpforms-container-full\" id=\"wpforms-920\"><form id=\"wpforms-form-920\" class=\"wpforms-validate wpforms-form\" data-formid=\"920\" method=\"post\" enctype=\"multipart\/form-data\" action=\"\/cms\/wp-json\/wp\/v2\/pages\/1547\" data-token=\"0c7f9fa0a161bed0bd9ecce053f713c1\" data-token-time=\"1778414617\"><noscript class=\"wpforms-error-noscript\">Please enable JavaScript in your browser to complete this form.<\/noscript><div class=\"wpforms-field-container\"><div id=\"wpforms-920-field_7-container\" class=\"wpforms-field wpforms-field-name\" data-field-id=\"7\"><label class=\"wpforms-field-label\" for=\"wpforms-920-field_7\">Etunimi <span class=\"wpforms-required-label\">*<\/span><\/label><input type=\"text\" id=\"wpforms-920-field_7\" class=\"wpforms-field-large wpforms-field-required\" name=\"wpforms[fields][7]\" required><\/div><div id=\"wpforms-920-field_8-container\" class=\"wpforms-field wpforms-field-name\" data-field-id=\"8\"><label class=\"wpforms-field-label\" for=\"wpforms-920-field_8\">Sukunimi <span class=\"wpforms-required-label\">*<\/span><\/label><input type=\"text\" id=\"wpforms-920-field_8\" class=\"wpforms-field-large wpforms-field-required\" name=\"wpforms[fields][8]\" required><\/div><div id=\"wpforms-920-field_3-container\" class=\"wpforms-field wpforms-field-email\" data-field-id=\"3\"><label class=\"wpforms-field-label\" for=\"wpforms-920-field_3\">S\u00e4hk\u00f6postiosoite <span class=\"wpforms-required-label\">*<\/span><\/label><input type=\"email\" id=\"wpforms-920-field_3\" class=\"wpforms-field-large wpforms-field-required\" name=\"wpforms[fields][3]\" spellcheck=\"false\" required><\/div><div id=\"wpforms-920-field_4-container\" class=\"wpforms-field wpforms-field-text\" data-field-id=\"4\"><label class=\"wpforms-field-label\" for=\"wpforms-920-field_4\">Puhelinnumero<\/label><input type=\"text\" id=\"wpforms-920-field_4\" class=\"wpforms-field-large\" name=\"wpforms[fields][4]\" ><\/div><div id=\"wpforms-920-field_5-container\" class=\"wpforms-field wpforms-field-text\" data-field-id=\"5\"><label class=\"wpforms-field-label\" for=\"wpforms-920-field_5\">Otsikko<\/label><input type=\"text\" id=\"wpforms-920-field_5\" class=\"wpforms-field-large\" name=\"wpforms[fields][5]\" ><\/div><div id=\"wpforms-920-field_6-container\" class=\"wpforms-field wpforms-field-textarea\" data-field-id=\"6\"><label class=\"wpforms-field-label\" for=\"wpforms-920-field_6\">Viesti <span class=\"wpforms-required-label\">*<\/span><\/label><textarea id=\"wpforms-920-field_6\" class=\"wpforms-field-small wpforms-field-required\" name=\"wpforms[fields][6]\" required><\/textarea><\/div><\/div><!-- .wpforms-field-container --><div class=\"wpforms-recaptcha-container wpforms-is-recaptcha wpforms-is-recaptcha-type-v2\" ><div class=\"g-recaptcha\" data-sitekey=\"6LfHvgEqAAAAACNWCgQRG9QV3jIeByuhmQH4QMjk\"><\/div><input type=\"text\" name=\"g-recaptcha-hidden\" class=\"wpforms-recaptcha-hidden\" style=\"position:absolute!important;clip:rect(0,0,0,0)!important;height:1px!important;width:1px!important;border:0!important;overflow:hidden!important;padding:0!important;margin:0!important;\" data-rule-recaptcha=\"1\"><\/div><div class=\"wpforms-submit-container\" ><input type=\"hidden\" name=\"wpforms[id]\" value=\"920\"><input type=\"hidden\" name=\"page_title\" value=\"\"><input type=\"hidden\" name=\"page_url\" value=\"https:\/\/www.fysioterapiaforte.fi\/cms\/wp-json\/wp\/v2\/pages\/1547\"><input type=\"hidden\" name=\"url_referer\" value=\"\"><button type=\"submit\" name=\"wpforms[submit]\" id=\"wpforms-submit-920\" class=\"wpforms-submit\" aria-live=\"assertive\" value=\"wpforms-submit\">L\u00e4het\u00e4<\/button><\/div><\/form><\/div>  <!-- .wpforms-container --><\/div>\n\t\t\t\t<\/div>\n\t\t\t\t<\/div>\n\t\t\t\t\t\t<\/div>\n\t\t\t\t\t<\/div>\n\t\t<\/div>\n\t\t\t\t<div class=\"elementor-column elementor-col-50 elementor-inner-column elementor-element elementor-element-3ed0ce32\" data-id=\"3ed0ce32\" data-element_type=\"column\">\n\t\t\t<div class=\"elementor-column-wrap\">\n\t\t\t\t\t\t\t<div class=\"elementor-widget-wrap\">\n\t\t\t\t\t\t\t\t<\/div>\n\t\t\t\t\t<\/div>\n\t\t<\/div>\n\t\t\t\t\t\t\t\t<\/div>\n\t\t\t\t\t<\/div>\n\t\t<\/section>\n\t\t\t\t\t\t<\/div>\n\t\t\t\t\t<\/div>\n\t\t<\/div>\n\t\t\t\t\t\t\t\t<\/div>\n\t\t\t\t\t<\/div>\n\t\t<\/section>\n\t\t\t\t\t\t\t\t\t<\/div>\n\t\t\t<\/div>\n\t\t\t\t\t<\/div>\n\t\t","protected":false},"excerpt":{"rendered":"<p>REKISTERISELOSTE REKISTERISELOSTE Henkil\u00f6tietolaki (523\/1999) 10 \u00a7Laatimisp\u00e4iv\u00e4P\u00e4ivitetty 21.1.2024 1. Rekisterin pit\u00e4j\u00e4: Fysioterapia Forte Oy Osoite:Sillanp\u00e4\u00e4nkuja 4 64700 Teuva ja Puistotie 40-42, 61800 Kauhajoki\u00a0 Muut yhteystiedot (esim. puhelinvirka-akana, sahk\u00f6postiosoite)puh. 0451263929 email: vp(at)fysioterapiaforte.fi 2. Yhteyshenkil\u00f6 rekisteri\u00e4 koskevissa asioissa:\u00a0Veli-Pekka HaapalaOsoite: Sillanp\u00e4\u00e4nkuja 4 64700 TeuvaAsiaMuut yhteystiedot (esim. puhelin virka-aikana, s\u00e4hk\u00f6postiosoite)puh. 0451263929 email: vp(at)fysioterapiaforte.fi 3. Rekisterin nimi:Fysioterapia ja kuntosalin asiakasrekisterit 4. [&hellip;]<\/p>\n","protected":false},"author":6,"featured_media":0,"parent":0,"menu_order":0,"comment_status":"closed","ping_status":"closed","template":"elementor_header_footer","meta":{"site-sidebar-layout":"no-sidebar","site-content-layout":"page-builder","ast-site-content-layout":"default","site-content-style":"default","site-sidebar-style":"default","ast-global-header-display":"","ast-banner-title-visibility":"","ast-main-header-display":"","ast-hfb-above-header-display":"","ast-hfb-below-header-display":"","ast-hfb-mobile-header-display":"","site-post-title":"disabled","ast-breadcrumbs-content":"","ast-featured-img":"disabled","footer-sml-layout":"","theme-transparent-header-meta":"","adv-header-id-meta":"","stick-header-meta":"","header-above-stick-meta":"","header-main-stick-meta":"","header-below-stick-meta":"","astra-migrate-meta-layouts":"default","ast-page-background-enabled":"default","ast-page-background-meta":{"desktop":{"background-color":"var(--ast-global-color-4)","background-image":"","background-repeat":"repeat","background-position":"center center","background-size":"auto","background-attachment":"scroll","background-type":"","background-media":"","overlay-type":"","overlay-color":"","overlay-opacity":"","overlay-gradient":""},"tablet":{"background-color":"","background-image":"","background-repeat":"repeat","background-position":"center center","background-size":"auto","background-attachment":"scroll","background-type":"","background-media":"","overlay-type":"","overlay-color":"","overlay-opacity":"","overlay-gradient":""},"mobile":{"background-color":"","background-image":"","background-repeat":"repeat","background-position":"center center","background-size":"auto","background-attachment":"scroll","background-type":"","background-media":"","overlay-type":"","overlay-color":"","overlay-opacity":"","overlay-gradient":""}},"ast-content-background-meta":{"desktop":{"background-color":"var(--ast-global-color-5)","background-image":"","background-repeat":"repeat","background-position":"center center","background-size":"auto","background-attachment":"scroll","background-type":"","background-media":"","overlay-type":"","overlay-color":"","overlay-opacity":"","overlay-gradient":""},"tablet":{"background-color":"var(--ast-global-color-5)","background-image":"","background-repeat":"repeat","background-position":"center center","background-size":"auto","background-attachment":"scroll","background-type":"","background-media":"","overlay-type":"","overlay-color":"","overlay-opacity":"","overlay-gradient":""},"mobile":{"background-color":"var(--ast-global-color-5)","background-image":"","background-repeat":"repeat","background-position":"center center","background-size":"auto","background-attachment":"scroll","background-type":"","background-media":"","overlay-type":"","overlay-color":"","overlay-opacity":"","overlay-gradient":""}}},"_links":{"self":[{"href":"https:\/\/www.fysioterapiaforte.fi\/cms\/wp-json\/wp\/v2\/pages\/1547"}],"collection":[{"href":"https:\/\/www.fysioterapiaforte.fi\/cms\/wp-json\/wp\/v2\/pages"}],"about":[{"href":"https:\/\/www.fysioterapiaforte.fi\/cms\/wp-json\/wp\/v2\/types\/page"}],"author":[{"embeddable":true,"href":"https:\/\/www.fysioterapiaforte.fi\/cms\/wp-json\/wp\/v2\/users\/6"}],"replies":[{"embeddable":true,"href":"https:\/\/www.fysioterapiaforte.fi\/cms\/wp-json\/wp\/v2\/comments?post=1547"}],"version-history":[{"count":0,"href":"https:\/\/www.fysioterapiaforte.fi\/cms\/wp-json\/wp\/v2\/pages\/1547\/revisions"}],"wp:attachment":[{"href":"https:\/\/www.fysioterapiaforte.fi\/cms\/wp-json\/wp\/v2\/media?parent=1547"}],"curies":[{"name":"wp","href":"https:\/\/api.w.org\/{rel}","templated":true}]}}