{"id":983,"date":"2021-12-30T17:25:09","date_gmt":"2021-12-30T15:25:09","guid":{"rendered":"http:\/\/www.fysioterapiaforte.fi\/cms\/?page_id=983"},"modified":"2022-02-07T15:00:59","modified_gmt":"2022-02-07T13:00:59","slug":"tuotteet","status":"publish","type":"page","link":"https:\/\/www.fysioterapiaforte.fi\/cms\/tuotteet\/","title":{"rendered":"Tuotteet"},"content":{"rendered":"\t\t<div data-elementor-type=\"wp-page\" data-elementor-id=\"983\" class=\"elementor elementor-983\">\n\t\t\t\t\t\t<div class=\"elementor-inner\">\n\t\t\t\t<div class=\"elementor-section-wrap\">\n\t\t\t\t\t\t\t\t\t<section class=\"elementor-section elementor-top-section elementor-element elementor-element-1f67da12 elementor-section-height-min-height elementor-section-boxed elementor-section-height-default elementor-section-items-middle\" data-id=\"1f67da12\" data-element_type=\"section\" data-settings=\"{&quot;background_background&quot;:&quot;slideshow&quot;,&quot;background_slideshow_gallery&quot;:[{&quot;id&quot;:1304,&quot;url&quot;:&quot;http:\\\/\\\/www.fysioterapiaforte.fi\\\/cms\\\/wp-content\\\/uploads\\\/2022\\\/02\\\/duotone-4.png&quot;}],&quot;background_slideshow_slide_duration&quot;:8000,&quot;background_slideshow_slide_transition&quot;:&quot;slide_left&quot;,&quot;background_slideshow_loop&quot;:&quot;yes&quot;,&quot;background_slideshow_transition_duration&quot;:500}\">\n\t\t\t\t\t\t\t<div class=\"elementor-background-overlay\"><\/div>\n\t\t\t\t\t\t\t<div class=\"elementor-container elementor-column-gap-default\">\n\t\t\t\t\t\t\t<div class=\"elementor-row\">\n\t\t\t\t\t<div class=\"elementor-column elementor-col-100 elementor-top-column elementor-element elementor-element-4c935b12\" data-id=\"4c935b12\" data-element_type=\"column\">\n\t\t\t<div class=\"elementor-column-wrap elementor-element-populated\">\n\t\t\t\t\t\t\t<div class=\"elementor-widget-wrap\">\n\t\t\t\t\t\t<div class=\"elementor-element elementor-element-607e2fc7 elementor-widget elementor-widget-heading\" data-id=\"607e2fc7\" data-element_type=\"widget\" data-widget_type=\"heading.default\">\n\t\t\t\t<div class=\"elementor-widget-container\">\n\t\t\t<h2 class=\"elementor-heading-title elementor-size-large\">Tuotteet ja Vuokraus<\/h2>\t\t<\/div>\n\t\t\t\t<\/div>\n\t\t\t\t\t\t<\/div>\n\t\t\t\t\t<\/div>\n\t\t<\/div>\n\t\t\t\t\t\t\t\t<\/div>\n\t\t\t\t\t<\/div>\n\t\t<\/section>\n\t\t\t\t<section class=\"elementor-section elementor-top-section elementor-element elementor-element-4fa2da54 elementor-section-boxed elementor-section-height-default elementor-section-height-default\" data-id=\"4fa2da54\" data-element_type=\"section\">\n\t\t\t\t\t\t<div class=\"elementor-container elementor-column-gap-default\">\n\t\t\t\t\t\t\t<div class=\"elementor-row\">\n\t\t\t\t\t<div class=\"elementor-column elementor-col-100 elementor-top-column elementor-element elementor-element-b2c3b69\" data-id=\"b2c3b69\" data-element_type=\"column\">\n\t\t\t<div class=\"elementor-column-wrap elementor-element-populated\">\n\t\t\t\t\t\t\t<div class=\"elementor-widget-wrap\">\n\t\t\t\t\t\t<div class=\"elementor-element elementor-element-d23a58d elementor-widget elementor-widget-spacer\" data-id=\"d23a58d\" data-element_type=\"widget\" data-widget_type=\"spacer.default\">\n\t\t\t\t<div class=\"elementor-widget-container\">\n\t\t\t\t\t<div class=\"elementor-spacer\">\n\t\t\t<div class=\"elementor-spacer-inner\"><\/div>\n\t\t<\/div>\n\t\t\t\t<\/div>\n\t\t\t\t<\/div>\n\t\t\t\t<div class=\"elementor-element elementor-element-601a254 elementor-widget elementor-widget-text-editor\" data-id=\"601a254\" data-element_type=\"widget\" data-widget_type=\"text-editor.default\">\n\t\t\t\t<div class=\"elementor-widget-container\">\n\t\t\t\t\t\t\t\t<div class=\"elementor-text-editor elementor-clearfix\">\n\t\t\t\t<p>Myymme ja vuokraamme sek\u00e4 terveyteen ja hyvinvointiin liittyvi\u00e4 tuotteita ett\u00e4 muita tuotteita. T\u00e4ll\u00e4 hetkell\u00e4 30-50\u00a0prosentin alennusmyynniss\u00e4 er\u00e4 kamppailu-urheilutuotteita ja erilaisia tukia.<\/p>\n<p>Soita etuk\u00e4teen ja varmistat paikallaolomme toimipisteess\u00e4, jos haluat tulla tuotteet paikanp\u00e4\u00e4lt\u00e4 ostamaan. Saatamme v\u00e4lill\u00e4 olla kotik\u00e4ynnill\u00e4, jolloin kaupank\u00e4ynti ei onnistu. Vaihtoehtoisesti voit kirjoittaa alustavan tilauksen listaamalla tuotteet vapaamuotoisesti yhteystietolomakkeella, jolloin olemme sinuun yhteydess\u00e4. Postitettaessa tuotteet lis\u00e4t\u00e4\u00e4n hintaan mahdolliset postikulut.<\/p>\t\t\t\t\t<\/div>\n\t\t\t\t\t\t<\/div>\n\t\t\t\t<\/div>\n\t\t\t\t<div class=\"elementor-element elementor-element-34bd1981 elementor-widget__width-initial elementor-widget elementor-widget-text-editor\" data-id=\"34bd1981\" data-element_type=\"widget\" data-widget_type=\"text-editor.default\">\n\t\t\t\t<div class=\"elementor-widget-container\">\n\t\t\t\t\t\t\t\t<div class=\"elementor-text-editor elementor-clearfix\">\n\t\t\t\t<!-- wp:shortcode -->\n<style>.product-list .classic-grid.archive-listing{width:18.79%;}@media (max-width: 950px) and (min-width: 600px) {.responsive .archive-listing.last, .responsive .archive-listing.first { clear: none;margin-right: 1.5%;}.responsive .classic-grid.archive-listing, .responsive .classic-grid.archive-listing.last { width: 31%; }.responsive .classic-grid.archive-listing:nth-child(3n + 1) { clear: left; }}.product-subcategories .classic-grid.archive-listing{width:18.79%;}@media (max-width: 950px) and (min-width: 600px) {.responsive.product-subcategories .classic-grid.archive-listing { width: 31%;  }}<\/style>    <div class=\"product-subcategories responsive grid \">\n        \n\n    <div class=\"archive-listing category-6 classic-grid  first\">\n        <a href=\"https:\/\/www.fysioterapiaforte.fi\/cms\/kauppa\/myydaan\/\">\n            <div class=\"classic-grid-image-wrapper\">\n                <div class=\"pseudo\"><\/div>\n                <div class=\"image\"><img width=\"600\" height=\"600\" src=\"https:\/\/www.fysioterapiaforte.fi\/cms\/wp-content\/uploads\/2016\/05\/Tuotteet_taustaton_v\u00e4rik\u00e4sitelty_neli\u00f6.jpg\" class=\"classic-grid-image\" alt=\"Myyd\u00e4\u00e4n\" decoding=\"async\" loading=\"lazy\" srcset=\"https:\/\/www.fysioterapiaforte.fi\/cms\/wp-content\/uploads\/2016\/05\/Tuotteet_taustaton_v\u00e4rik\u00e4sitelty_neli\u00f6.jpg 1200w, https:\/\/www.fysioterapiaforte.fi\/cms\/wp-content\/uploads\/2016\/05\/Tuotteet_taustaton_v\u00e4rik\u00e4sitelty_neli\u00f6-150x150.jpg 150w, https:\/\/www.fysioterapiaforte.fi\/cms\/wp-content\/uploads\/2016\/05\/Tuotteet_taustaton_v\u00e4rik\u00e4sitelty_neli\u00f6-300x300.jpg 300w, https:\/\/www.fysioterapiaforte.fi\/cms\/wp-content\/uploads\/2016\/05\/Tuotteet_taustaton_v\u00e4rik\u00e4sitelty_neli\u00f6-768x768.jpg 768w, https:\/\/www.fysioterapiaforte.fi\/cms\/wp-content\/uploads\/2016\/05\/Tuotteet_taustaton_v\u00e4rik\u00e4sitelty_neli\u00f6-1024x1024.jpg 1024w\" sizes=\"(max-width: 600px) 100vw, 600px\" \/><\/div>\n            <\/div>\n            <h3 class=\"product-name\">Myyd\u00e4\u00e4n<\/h3>\n        <\/a>\n    <\/div>\n\n\n\n    <div class=\"archive-listing category-7 classic-grid  middle\">\n        <a href=\"https:\/\/www.fysioterapiaforte.fi\/cms\/kauppa\/vuokrataan\/\">\n            <div class=\"classic-grid-image-wrapper\">\n                <div class=\"pseudo\"><\/div>\n                <div class=\"image\"><img width=\"600\" height=\"338\" src=\"https:\/\/www.fysioterapiaforte.fi\/cms\/wp-content\/uploads\/2020\/08\/kylpypalju.jpg\" class=\"classic-grid-image\" alt=\"Vuokrataan\" decoding=\"async\" loading=\"lazy\" srcset=\"https:\/\/www.fysioterapiaforte.fi\/cms\/wp-content\/uploads\/2020\/08\/kylpypalju.jpg 5504w, https:\/\/www.fysioterapiaforte.fi\/cms\/wp-content\/uploads\/2020\/08\/kylpypalju-300x169.jpg 300w, https:\/\/www.fysioterapiaforte.fi\/cms\/wp-content\/uploads\/2020\/08\/kylpypalju-768x432.jpg 768w, https:\/\/www.fysioterapiaforte.fi\/cms\/wp-content\/uploads\/2020\/08\/kylpypalju-1024x576.jpg 1024w\" sizes=\"(max-width: 600px) 100vw, 600px\" \/><\/div>\n            <\/div>\n            <h3 class=\"product-name\">Vuokrataan<\/h3>\n        <\/a>\n    <\/div>\n\n    <\/div>\n\n<!-- \/wp:shortcode -->\n\n<!-- wp:paragraph -->\n<p><\/p>\n<!-- \/wp:paragraph -->\n\n<!-- wp:paragraph -->\n<p><\/p>\n<!-- \/wp:paragraph -->\t\t\t\t\t<\/div>\n\t\t\t\t\t\t<\/div>\n\t\t\t\t<\/div>\n\t\t\t\t\t\t<\/div>\n\t\t\t\t\t<\/div>\n\t\t<\/div>\n\t\t\t\t\t\t\t\t<\/div>\n\t\t\t\t\t<\/div>\n\t\t<\/section>\n\t\t\t\t<section class=\"elementor-section elementor-top-section elementor-element elementor-element-5834df15 elementor-section-boxed elementor-section-height-default elementor-section-height-default\" data-id=\"5834df15\" data-element_type=\"section\">\n\t\t\t\t\t\t\t<div class=\"elementor-background-overlay\"><\/div>\n\t\t\t\t\t\t\t<div class=\"elementor-container elementor-column-gap-default\">\n\t\t\t\t\t\t\t<div class=\"elementor-row\">\n\t\t\t\t\t<div class=\"elementor-column elementor-col-100 elementor-top-column elementor-element elementor-element-5cb36c28\" data-id=\"5cb36c28\" data-element_type=\"column\">\n\t\t\t<div class=\"elementor-column-wrap elementor-element-populated\">\n\t\t\t\t\t\t\t<div class=\"elementor-widget-wrap\">\n\t\t\t\t\t\t<section class=\"elementor-section elementor-inner-section elementor-element elementor-element-e849e80 elementor-section-boxed elementor-section-height-default elementor-section-height-default\" data-id=\"e849e80\" data-element_type=\"section\">\n\t\t\t\t\t\t<div class=\"elementor-container elementor-column-gap-default\">\n\t\t\t\t\t\t\t<div class=\"elementor-row\">\n\t\t\t\t\t<div class=\"elementor-column elementor-col-50 elementor-inner-column elementor-element elementor-element-937b5b0\" data-id=\"937b5b0\" data-element_type=\"column\">\n\t\t\t<div class=\"elementor-column-wrap elementor-element-populated\">\n\t\t\t\t\t\t\t<div class=\"elementor-widget-wrap\">\n\t\t\t\t\t\t<div class=\"elementor-element elementor-element-3b1d602c elementor-widget elementor-widget-heading\" data-id=\"3b1d602c\" data-element_type=\"widget\" data-widget_type=\"heading.default\">\n\t\t\t\t<div class=\"elementor-widget-container\">\n\t\t\t<h2 class=\"elementor-heading-title elementor-size-default\">Yhteydenottolomake<\/h2>\t\t<\/div>\n\t\t\t\t<\/div>\n\t\t\t\t\t\t<\/div>\n\t\t\t\t\t<\/div>\n\t\t<\/div>\n\t\t\t\t<div class=\"elementor-column elementor-col-50 elementor-inner-column elementor-element elementor-element-4191701d\" data-id=\"4191701d\" data-element_type=\"column\">\n\t\t\t<div class=\"elementor-column-wrap\">\n\t\t\t\t\t\t\t<div class=\"elementor-widget-wrap\">\n\t\t\t\t\t\t\t\t<\/div>\n\t\t\t\t\t<\/div>\n\t\t<\/div>\n\t\t\t\t\t\t\t\t<\/div>\n\t\t\t\t\t<\/div>\n\t\t<\/section>\n\t\t\t\t<section class=\"elementor-section elementor-inner-section elementor-element elementor-element-4115682e elementor-section-boxed elementor-section-height-default elementor-section-height-default\" data-id=\"4115682e\" data-element_type=\"section\">\n\t\t\t\t\t\t<div class=\"elementor-container elementor-column-gap-default\">\n\t\t\t\t\t\t\t<div class=\"elementor-row\">\n\t\t\t\t\t<div class=\"elementor-column elementor-col-50 elementor-inner-column elementor-element elementor-element-7bcf10c9\" data-id=\"7bcf10c9\" data-element_type=\"column\">\n\t\t\t<div class=\"elementor-column-wrap elementor-element-populated\">\n\t\t\t\t\t\t\t<div class=\"elementor-widget-wrap\">\n\t\t\t\t\t\t<div class=\"elementor-element elementor-element-72e5e371 elementor-widget elementor-widget-shortcode\" data-id=\"72e5e371\" data-element_type=\"widget\" id=\"etusivu-lomake\" data-widget_type=\"shortcode.default\">\n\t\t\t\t<div class=\"elementor-widget-container\">\n\t\t\t\t\t<div class=\"elementor-shortcode\">\r\n<style type=\"text\/css\">\r\n\r\n\r\n\r\n\r\n\r\n\r\n\r\n\r\n\r\n\tbody #wpforms-920 .wpforms-form .wpforms-field input[type=text],\r\n\tbody #wpforms-920 .wpforms-form .wpforms-field input[type=email],\r\n\tbody #wpforms-920 .wpforms-form .wpforms-field input[type=tel],\r\n\tbody #wpforms-920 .wpforms-form .wpforms-field input[type=url],\r\n\tbody #wpforms-920 .wpforms-form .wpforms-field input[type=password],\r\n\tbody #wpforms-920 .wpforms-form .wpforms-field input[type=number]\r\n\t{\r\n\t\tbackground-color:#65b5ff ;color:#353535 ;border-color:#044689 ;\t\tborder-width: 1px;\t}\r\n\r\n\tbody #wpforms-920 .wpforms-form .wpforms-field .wpforms-field-row\r\n\t{\r\n\t\t\t}\r\n\r\n\tbody #wpforms-920 .wpforms-form .wpforms-field-layout.wpforms-field input[type=text],\r\n\tbody #wpforms-920 .wpforms-form .wpforms-field-layout.wpforms-field input[type=email],\r\n\tbody #wpforms-920 .wpforms-form .wpforms-field-layout.wpforms-field input[type=tel],\r\n\tbody #wpforms-920 .wpforms-form .wpforms-field-layout.wpforms-field input[type=url],\r\n\tbody #wpforms-920 .wpforms-form .wpforms-field-layout.wpforms-field input[type=password],\r\n\tbody #wpforms-920 .wpforms-form .wpforms-field-layout.wpforms-field input[type=number]{\r\n\t\twidth: 100%;\r\n\t}\r\n\r\n\tbody #wpforms-920 .wpforms-form .wpforms-field .wpforms-field-row input[type=text]{\r\n\t\twidth: 100%;\r\n\t}\r\n\r\n\r\n\r\n\r\n\r\n\tbody #wpforms-920 .wpforms-form .wpforms-field textarea {\r\n\t\tbackground-color:#65b5ff ;border-color:#044689 ;\t\t\tborder-width: 1px;\t}\r\n\r\n\r\n\r\n \r\n\tbody #wpforms-920 .wpforms-form .wpforms-field label.wpforms-field-label,\r\n\tbody #wpforms-920 .wpforms-form .wpforms-field .wpforms-field-label {\r\n\t\tcolor:#ffffff ;\t}\r\n\r\n\r\n\/* Styling for Tablets *\/\r\n@media only screen and (max-width: 800px) and (min-width:481px) {\r\n\t\r\n\r\n\r\n\r\n}\r\n\r\n@media only screen and (max-width: 480px){\r\n\t\r\n\r\n\r\n\r\n}\r\n\/*Option to add custom CSS *\/\r\n\r\n\r\n\r\n\t\t<\/style>\r\n\t\t<div class=\"wpforms-container wpforms-container-full\" id=\"wpforms-920\"><form id=\"wpforms-form-920\" class=\"wpforms-validate wpforms-form\" data-formid=\"920\" method=\"post\" enctype=\"multipart\/form-data\" action=\"\/cms\/wp-json\/wp\/v2\/pages\/983\" data-token=\"b689b6770f444639fff006c9d362c37f\" data-token-time=\"1777515691\"><noscript class=\"wpforms-error-noscript\">Please enable JavaScript in your browser to complete this form.<\/noscript><div class=\"wpforms-field-container\"><div id=\"wpforms-920-field_7-container\" class=\"wpforms-field wpforms-field-name\" data-field-id=\"7\"><label class=\"wpforms-field-label\" for=\"wpforms-920-field_7\">Etunimi <span class=\"wpforms-required-label\">*<\/span><\/label><input type=\"text\" id=\"wpforms-920-field_7\" class=\"wpforms-field-large wpforms-field-required\" name=\"wpforms[fields][7]\" required><\/div><div id=\"wpforms-920-field_8-container\" class=\"wpforms-field wpforms-field-name\" data-field-id=\"8\"><label class=\"wpforms-field-label\" for=\"wpforms-920-field_8\">Sukunimi <span class=\"wpforms-required-label\">*<\/span><\/label><input type=\"text\" id=\"wpforms-920-field_8\" class=\"wpforms-field-large wpforms-field-required\" name=\"wpforms[fields][8]\" required><\/div><div id=\"wpforms-920-field_3-container\" class=\"wpforms-field wpforms-field-email\" data-field-id=\"3\"><label class=\"wpforms-field-label\" for=\"wpforms-920-field_3\">S\u00e4hk\u00f6postiosoite <span class=\"wpforms-required-label\">*<\/span><\/label><input type=\"email\" id=\"wpforms-920-field_3\" class=\"wpforms-field-large wpforms-field-required\" name=\"wpforms[fields][3]\" spellcheck=\"false\" required><\/div><div id=\"wpforms-920-field_4-container\" class=\"wpforms-field wpforms-field-text\" data-field-id=\"4\"><label class=\"wpforms-field-label\" for=\"wpforms-920-field_4\">Puhelinnumero<\/label><input type=\"text\" id=\"wpforms-920-field_4\" class=\"wpforms-field-large\" name=\"wpforms[fields][4]\" ><\/div><div id=\"wpforms-920-field_5-container\" class=\"wpforms-field wpforms-field-text\" data-field-id=\"5\"><label class=\"wpforms-field-label\" for=\"wpforms-920-field_5\">Otsikko<\/label><input type=\"text\" id=\"wpforms-920-field_5\" class=\"wpforms-field-large\" name=\"wpforms[fields][5]\" ><\/div><div id=\"wpforms-920-field_6-container\" class=\"wpforms-field wpforms-field-textarea\" data-field-id=\"6\"><label class=\"wpforms-field-label\" for=\"wpforms-920-field_6\">Viesti <span class=\"wpforms-required-label\">*<\/span><\/label><textarea id=\"wpforms-920-field_6\" class=\"wpforms-field-small wpforms-field-required\" name=\"wpforms[fields][6]\" required><\/textarea><\/div><\/div><!-- .wpforms-field-container --><div class=\"wpforms-recaptcha-container wpforms-is-recaptcha wpforms-is-recaptcha-type-v2\" ><div class=\"g-recaptcha\" data-sitekey=\"6LfHvgEqAAAAACNWCgQRG9QV3jIeByuhmQH4QMjk\"><\/div><input type=\"text\" name=\"g-recaptcha-hidden\" class=\"wpforms-recaptcha-hidden\" style=\"position:absolute!important;clip:rect(0,0,0,0)!important;height:1px!important;width:1px!important;border:0!important;overflow:hidden!important;padding:0!important;margin:0!important;\" data-rule-recaptcha=\"1\"><\/div><div class=\"wpforms-submit-container\" ><input type=\"hidden\" name=\"wpforms[id]\" value=\"920\"><input type=\"hidden\" name=\"page_title\" value=\"\"><input type=\"hidden\" name=\"page_url\" value=\"https:\/\/www.fysioterapiaforte.fi\/cms\/wp-json\/wp\/v2\/pages\/983\"><input type=\"hidden\" name=\"url_referer\" value=\"\"><button type=\"submit\" name=\"wpforms[submit]\" id=\"wpforms-submit-920\" class=\"wpforms-submit\" aria-live=\"assertive\" value=\"wpforms-submit\">L\u00e4het\u00e4<\/button><\/div><\/form><\/div>  <!-- .wpforms-container --><\/div>\n\t\t\t\t<\/div>\n\t\t\t\t<\/div>\n\t\t\t\t\t\t<\/div>\n\t\t\t\t\t<\/div>\n\t\t<\/div>\n\t\t\t\t<div class=\"elementor-column elementor-col-50 elementor-inner-column elementor-element elementor-element-545b55fa\" data-id=\"545b55fa\" data-element_type=\"column\">\n\t\t\t<div class=\"elementor-column-wrap\">\n\t\t\t\t\t\t\t<div class=\"elementor-widget-wrap\">\n\t\t\t\t\t\t\t\t<\/div>\n\t\t\t\t\t<\/div>\n\t\t<\/div>\n\t\t\t\t\t\t\t\t<\/div>\n\t\t\t\t\t<\/div>\n\t\t<\/section>\n\t\t\t\t\t\t<\/div>\n\t\t\t\t\t<\/div>\n\t\t<\/div>\n\t\t\t\t\t\t\t\t<\/div>\n\t\t\t\t\t<\/div>\n\t\t<\/section>\n\t\t\t\t\t\t\t\t\t<\/div>\n\t\t\t<\/div>\n\t\t\t\t\t<\/div>\n\t\t","protected":false},"excerpt":{"rendered":"<p>Tuotteet ja Vuokraus Myymme ja vuokraamme sek\u00e4 terveyteen ja hyvinvointiin liittyvi\u00e4 tuotteita ett\u00e4 muita tuotteita. T\u00e4ll\u00e4 hetkell\u00e4 30-50\u00a0prosentin alennusmyynniss\u00e4 er\u00e4 kamppailu-urheilutuotteita ja erilaisia tukia. Soita etuk\u00e4teen ja varmistat paikallaolomme toimipisteess\u00e4, jos haluat tulla tuotteet paikanp\u00e4\u00e4lt\u00e4 ostamaan. Saatamme v\u00e4lill\u00e4 olla kotik\u00e4ynnill\u00e4, jolloin kaupank\u00e4ynti ei onnistu. Vaihtoehtoisesti voit kirjoittaa alustavan tilauksen listaamalla tuotteet vapaamuotoisesti yhteystietolomakkeella, jolloin olemme [&hellip;]<\/p>\n","protected":false},"author":6,"featured_media":0,"parent":0,"menu_order":0,"comment_status":"closed","ping_status":"closed","template":"elementor_header_footer","meta":{"site-sidebar-layout":"default","site-content-layout":"","ast-site-content-layout":"default","site-content-style":"default","site-sidebar-style":"default","ast-global-header-display":"","ast-banner-title-visibility":"","ast-main-header-display":"","ast-hfb-above-header-display":"","ast-hfb-below-header-display":"","ast-hfb-mobile-header-display":"","site-post-title":"","ast-breadcrumbs-content":"","ast-featured-img":"","footer-sml-layout":"","theme-transparent-header-meta":"","adv-header-id-meta":"","stick-header-meta":"","header-above-stick-meta":"","header-main-stick-meta":"","header-below-stick-meta":"","astra-migrate-meta-layouts":"default","ast-page-background-enabled":"default","ast-page-background-meta":{"desktop":{"background-color":"var(--ast-global-color-4)","background-image":"","background-repeat":"repeat","background-position":"center center","background-size":"auto","background-attachment":"scroll","background-type":"","background-media":"","overlay-type":"","overlay-color":"","overlay-opacity":"","overlay-gradient":""},"tablet":{"background-color":"","background-image":"","background-repeat":"repeat","background-position":"center center","background-size":"auto","background-attachment":"scroll","background-type":"","background-media":"","overlay-type":"","overlay-color":"","overlay-opacity":"","overlay-gradient":""},"mobile":{"background-color":"","background-image":"","background-repeat":"repeat","background-position":"center center","background-size":"auto","background-attachment":"scroll","background-type":"","background-media":"","overlay-type":"","overlay-color":"","overlay-opacity":"","overlay-gradient":""}},"ast-content-background-meta":{"desktop":{"background-color":"var(--ast-global-color-5)","background-image":"","background-repeat":"repeat","background-position":"center center","background-size":"auto","background-attachment":"scroll","background-type":"","background-media":"","overlay-type":"","overlay-color":"","overlay-opacity":"","overlay-gradient":""},"tablet":{"background-color":"var(--ast-global-color-5)","background-image":"","background-repeat":"repeat","background-position":"center center","background-size":"auto","background-attachment":"scroll","background-type":"","background-media":"","overlay-type":"","overlay-color":"","overlay-opacity":"","overlay-gradient":""},"mobile":{"background-color":"var(--ast-global-color-5)","background-image":"","background-repeat":"repeat","background-position":"center center","background-size":"auto","background-attachment":"scroll","background-type":"","background-media":"","overlay-type":"","overlay-color":"","overlay-opacity":"","overlay-gradient":""}}},"_links":{"self":[{"href":"https:\/\/www.fysioterapiaforte.fi\/cms\/wp-json\/wp\/v2\/pages\/983"}],"collection":[{"href":"https:\/\/www.fysioterapiaforte.fi\/cms\/wp-json\/wp\/v2\/pages"}],"about":[{"href":"https:\/\/www.fysioterapiaforte.fi\/cms\/wp-json\/wp\/v2\/types\/page"}],"author":[{"embeddable":true,"href":"https:\/\/www.fysioterapiaforte.fi\/cms\/wp-json\/wp\/v2\/users\/6"}],"replies":[{"embeddable":true,"href":"https:\/\/www.fysioterapiaforte.fi\/cms\/wp-json\/wp\/v2\/comments?post=983"}],"version-history":[{"count":0,"href":"https:\/\/www.fysioterapiaforte.fi\/cms\/wp-json\/wp\/v2\/pages\/983\/revisions"}],"wp:attachment":[{"href":"https:\/\/www.fysioterapiaforte.fi\/cms\/wp-json\/wp\/v2\/media?parent=983"}],"curies":[{"name":"wp","href":"https:\/\/api.w.org\/{rel}","templated":true}]}}